{"id":10714,"date":"2019-03-20T13:30:35","date_gmt":"2019-03-20T12:30:35","guid":{"rendered":"https:\/\/comsentido.es\/contacto\/"},"modified":"2025-04-03T17:36:02","modified_gmt":"2025-04-03T15:36:02","slug":"contact","status":"publish","type":"page","link":"https:\/\/comsentido.es\/en\/contact\/","title":{"rendered":"CONTACT"},"content":{"rendered":"<p>[et_pb_section fb_built=&#8221;1&#8243; fullwidth=&#8221;on&#8221; _builder_version=&#8221;4.27.4&#8243; _module_preset=&#8221;default&#8221; background_color=&#8221;RGBA(0,0,0,0)&#8221; background_image=&#8221;https:\/\/comsentido.es\/wp-content\/uploads\/2021\/05\/decoracion-banner_Mesa-de-trabajo-1-copia-12.png&#8221; global_colors_info=&#8221;{}&#8221;][et_pb_fullwidth_header title=&#8221;Contact with us&#8221; subhead=&#8221;Give yourself an opportunity for your project to get the visibility it needs.&#8221; _builder_version=&#8221;4.27.4&#8243; _module_preset=&#8221;default&#8221; title_level=&#8221;h2&#8243; title_font=&#8221;Poppins||||||||&#8221; title_font_size=&#8221;35px&#8221; subhead_font_size=&#8221;20px&#8221; background_color=&#8221;RGBA(0,0,0,0)&#8221; custom_padding=&#8221;93px||93px||true|&#8221; global_colors_info=&#8221;{}&#8221;][\/et_pb_fullwidth_header][\/et_pb_section][et_pb_section fb_built=&#8221;1&#8243; _builder_version=&#8221;4.16&#8243; _module_preset=&#8221;default&#8221; background_color_gradient_direction=&#8221;129deg&#8221; background_image=&#8221;https:\/\/comsentido.es\/wp-content\/uploads\/2021\/05\/decoracion-59.png&#8221; custom_padding=&#8221;27px|||||&#8221; global_colors_info=&#8221;{}&#8221;][et_pb_row column_structure=&#8221;1_2,1_2&#8243; _builder_version=&#8221;4.16&#8243; _module_preset=&#8221;default&#8221; global_colors_info=&#8221;{}&#8221;][et_pb_column type=&#8221;1_2&#8243; _builder_version=&#8221;4.16&#8243; _module_preset=&#8221;default&#8221; global_colors_info=&#8221;{}&#8221;][et_pb_image src=&#8221;https:\/\/comsentido.es\/wp-content\/uploads\/2025\/04\/I94A0579-scaled.jpg&#8221; _builder_version=&#8221;4.27.4&#8243; _module_preset=&#8221;default&#8221; title_text=&#8221;I94A0579&#8243; hover_enabled=&#8221;0&#8243; sticky_enabled=&#8221;0&#8243;][\/et_pb_image][et_pb_text _builder_version=&#8221;4.16&#8243; _module_preset=&#8221;default&#8221; text_font_size=&#8221;16px&#8221; global_colors_info=&#8221;{}&#8221;]<\/p>\n<p><strong>You can tell us more about your business and how we can work hand in hand by writing to info@comsentido.es or by completing the form below.<\/strong><\/p>\n<p>We will reply to you within 48 working hours after receiving your email.<\/p>\n<p>You can also write to us to say hello, comment on any of the contents, or ask us for the address to send us a 95% chocolate bar.<\/p>\n<p>[\/et_pb_text][\/et_pb_column][et_pb_column type=&#8221;1_2&#8243; _builder_version=&#8221;4.16&#8243; _module_preset=&#8221;default&#8221; global_colors_info=&#8221;{}&#8221;][et_pb_text _builder_version=&#8221;4.23.1&#8243; _module_preset=&#8221;default&#8221; global_colors_info=&#8221;{}&#8221; custom_margin=&#8221;343px||343px||true|&#8221;]<\/p>\n\n<div class=\"wpcf7 no-js\" id=\"wpcf7-f5-o1\" lang=\"es-ES\" dir=\"ltr\" data-wpcf7-id=\"5\">\n<div class=\"screen-reader-response\"><p role=\"status\" aria-live=\"polite\" aria-atomic=\"true\"><\/p> <ul><\/ul><\/div>\n<form action=\"\/en\/wp-json\/wp\/v2\/pages\/10714#wpcf7-f5-o1\" method=\"post\" class=\"wpcf7-form init wpcf7-acceptance-as-validation\" aria-label=\"Formulario de contacto\" novalidate=\"novalidate\" data-status=\"init\">\n<fieldset class=\"hidden-fields-container\"><input type=\"hidden\" name=\"_wpcf7\" value=\"5\" \/><input type=\"hidden\" name=\"_wpcf7_version\" value=\"6.1.5\" \/><input type=\"hidden\" name=\"_wpcf7_locale\" value=\"es_ES\" \/><input type=\"hidden\" name=\"_wpcf7_unit_tag\" value=\"wpcf7-f5-o1\" \/><input type=\"hidden\" name=\"_wpcf7_container_post\" value=\"0\" \/><input type=\"hidden\" name=\"_wpcf7_posted_data_hash\" value=\"\" \/><input type=\"hidden\" name=\"_wpcf7_recaptcha_response\" value=\"\" \/>\n<\/fieldset>\n<p><label class=\"columna1\"> <span class=\"wpcf7-form-control-wrap\" data-name=\"your-name\"><input size=\"40\" maxlength=\"400\" class=\"wpcf7-form-control wpcf7-text wpcf7-validates-as-required\" aria-required=\"true\" aria-invalid=\"false\" placeholder=\"* \u00bfC\u00f3mo te llamas?\" value=\"\" type=\"text\" name=\"your-name\" \/><\/span> <\/label><label class=\"columna2\"> <span class=\"wpcf7-form-control-wrap\" data-name=\"your-proyecto\"><input size=\"40\" maxlength=\"400\" class=\"wpcf7-form-control wpcf7-text\" aria-invalid=\"false\" placeholder=\"Proyecto \/ Empresa\" value=\"\" type=\"text\" name=\"your-proyecto\" \/><\/span> <\/label><label class=\"columna1\"> <span class=\"wpcf7-form-control-wrap\" data-name=\"your-email\"><input size=\"40\" maxlength=\"400\" class=\"wpcf7-form-control wpcf7-email wpcf7-validates-as-required wpcf7-text wpcf7-validates-as-email\" aria-required=\"true\" aria-invalid=\"false\" placeholder=\"* \u00bfCu\u00e1l es tu correo electr\u00f3nico?\" value=\"\" type=\"email\" name=\"your-email\" \/><\/span> <\/label><label class=\"columna2\"> <span class=\"wpcf7-form-control-wrap\" data-name=\"tel-telefono\"><input size=\"40\" maxlength=\"400\" class=\"wpcf7-form-control wpcf7-tel wpcf7-text wpcf7-validates-as-tel\" aria-invalid=\"false\" placeholder=\"\u00bfY t\u00fa tel\u00e9fono?\" value=\"\" type=\"tel\" name=\"tel-telefono\" \/><\/span> <\/label><label> <span class=\"wpcf7-form-control-wrap\" data-name=\"your-message\"><textarea cols=\"40\" rows=\"3\" maxlength=\"2000\" class=\"wpcf7-form-control wpcf7-textarea\" aria-invalid=\"false\" placeholder=\"\u00bfQu\u00e9 quieres contarme?\" name=\"your-message\"><\/textarea><\/span> <\/label><label style=\"font-size:14px;\"><span class=\"wpcf7-form-control-wrap\" data-name=\"acceptance-965\"><span class=\"wpcf7-form-control wpcf7-acceptance\"><span class=\"wpcf7-list-item\"><input type=\"checkbox\" name=\"acceptance-965\" value=\"1\" aria-invalid=\"false\" \/><\/span><\/span><\/span> Acepto la pol\u00edtica de <a href=\"http:\/\/comsentido.es\/politica-privacidad\/\" target=\"_blank\">protecci\u00f3n de datos<\/a> y <a href=\"http:\/\/comsentido.es\/politica-de-cookies\/\" target=\"_blank\">cookies<\/a>.<\/label>\n<\/p>\n<p><input class=\"wpcf7-form-control wpcf7-submit has-spinner\" type=\"submit\" value=\"Enviar mensaje\" \/>\n<\/p><div class=\"wpcf7-response-output\" aria-hidden=\"true\"><\/div>\n<\/form>\n<\/div>\n\n<p>[\/et_pb_text][\/et_pb_column][\/et_pb_row][et_pb_row _builder_version=&#8221;4.16&#8243; _module_preset=&#8221;default&#8221; global_colors_info=&#8221;{}&#8221;][et_pb_column type=&#8221;4_4&#8243; _builder_version=&#8221;4.16&#8243; _module_preset=&#8221;default&#8221; global_colors_info=&#8221;{}&#8221;][et_pb_text _builder_version=&#8221;4.16&#8243; text_font=&#8221;||||||||&#8221; text_text_color=&#8221;#8F0033&#8243; text_font_size=&#8221;16px&#8221; text_line_height=&#8221;1.8em&#8221; header_font=&#8221;||||||||&#8221; header_2_font=&#8221;Poppins|500|||||||&#8221; header_2_text_color=&#8221;#0A6C7C&#8221; header_2_font_size=&#8221;36px&#8221; header_2_line_height=&#8221;1.3em&#8221; text_orientation=&#8221;center&#8221; background_layout=&#8221;dark&#8221; custom_margin=&#8221;||13px||false|false&#8221; custom_padding=&#8221;|38px||38px||true&#8221; animation_style=&#8221;slide&#8221; animation_direction=&#8221;left&#8221; animation_intensity_slide=&#8221;5%&#8221; header_2_font_size_tablet=&#8221;36px&#8221; header_2_font_size_phone=&#8221;24px&#8221; header_2_font_size_last_edited=&#8221;on|phone&#8221; locked=&#8221;off&#8221; global_colors_info=&#8221;{}&#8221;]<\/p>\n<h2>Book a free initial marketing consultancy with us<\/h2>\n<p>\u00bfWould you like to book 15 minutes directly with us to talk about your business by phone or Zoom? Book in our calendar according to your availability.<\/p>\n<p>[\/et_pb_text][et_pb_code _builder_version=&#8221;4.23.1&#8243; _module_preset=&#8221;default&#8221; global_colors_info=&#8221;{}&#8221;]<script src=\"https:\/\/asset-tidycal.b-cdn.net\/\/js\/embed.js\"><\/script><!-- [et_pb_line_break_holder] --><\/p>\n<div id=\"tidycal-embed\" data-path=\"comsentido\/asesoria-gratuita\"><\/div>\n<p>[\/et_pb_code][\/et_pb_column][\/et_pb_row][\/et_pb_section]<\/p>\n","protected":false},"excerpt":{"rendered":"<p>You can tell us more about your business and how we can work hand in hand by writing to info@comsentido.es or by completing the form below. We will reply to you within 48 working hours after receiving your email. You can also write to us to say hello, comment on any of the contents, or [&hellip;]<\/p>\n","protected":false},"author":1,"featured_media":0,"parent":0,"menu_order":0,"comment_status":"closed","ping_status":"closed","template":"","meta":{"_et_pb_use_builder":"on","_et_pb_old_content":"[vc_row full_width=\"stretch_row\" css=\".vc_custom_1554738259829{margin-top: 0px !important;padding-top: 2em !important;padding-bottom: 2em !important;background-image: url(http:\/\/comsentido.es\/wp-content\/uploads\/2019\/03\/contactarfnd.jpg?id=134) !important;background-position: center !important;background-repeat: no-repeat !important;background-size: cover !important;}\" el_class=\"fndCabecera\"][vc_column width=\"1\/4\"][\/vc_column][vc_column width=\"1\/2\"][vc_column_text]\r\n<h1 style=\"text-align: center;\"><span style=\"color: #8d0238;\"><strong>Contacto<\/strong><\/span><\/h1>\r\n[\/vc_column_text][blockquote]\u00bfMe lo cuentas? Estoy deseando ayudarte.[\/blockquote][vc_column_text]\r\n<p style=\"text-align: center;\">Date una oportunidad para que tu proyecto consiga el \u00e9xito que esperas.<\/p>\r\n[\/vc_column_text][\/vc_column][vc_column width=\"1\/4\"][\/vc_column][\/vc_row][vc_row full_width=\"stretch_row\" gap=\"35\" equal_height=\"yes\" content_placement=\"middle\" el_class=\"fndAbajoIzq\" css=\".vc_custom_1554023491923{background-image: url(http:\/\/comsentido.es\/wp-content\/uploads\/2019\/03\/fnd7.png?id=377) !important;background-position: 0 0 !important;background-repeat: no-repeat !important;}\"][vc_column width=\"1\/2\"][vc_column_text]Puedes contarme m\u00e1s sobre tu negocio y como podemos trabajar de la mano escribi\u00e9ndome a <a href=\"mailto:marta@comsentido.es\">marta@comsentido.es<\/a> o rellenando el siguiente formulario.\r\n\r\nTe responder\u00e9 <strong>en menos de 24h laborables<\/strong> despu\u00e9s de recibir tu mail.\r\n\r\nTambi\u00e9n puedes escribirme para saludarme, comentarme alguno de los contenidos o pedirme la direcci\u00f3n para enviarme una tableta de chocolate 95%.[\/vc_column_text][vc_separator color=\"custom\" border_width=\"3\" el_width=\"10\" accent_color=\"#ec1537\"][\/vc_column][vc_column width=\"1\/2\"][contact-form-7 id=\"5\"][\/vc_column][\/vc_row][vc_row full_width=\"stretch_row\" css=\".vc_custom_1554023598854{padding-bottom: 0px !important;background-color: #f2f0f2 !important;background-position: center !important;background-repeat: no-repeat !important;background-size: cover !important;}\"][vc_column][vc_column_text css=\".vc_custom_1555346070392{margin-bottom: 15px !important;}\"]\r\n<h2 style=\"text-align: center;\">\u00bfQu\u00e9 te parece si conectamos en redes sociales mientras leo tu mail?<\/h2>\r\n[\/vc_column_text][vc_row_inner gap=\"35\" css=\".vc_custom_1553251317947{margin-bottom: 0px !important;padding-bottom: 0px !important;}\" el_class=\"columnaRedes\"][vc_column_inner width=\"1\/6\"][\/vc_column_inner][vc_column_inner width=\"1\/6\"][vc_single_image image=\"569\" img_size=\"full\" alignment=\"center\" onclick=\"custom_link\" img_link_target=\"_blank\" link=\"https:\/\/www.linkedin.com\/company\/comsentido\"][\/vc_column_inner][vc_column_inner width=\"1\/6\"][vc_single_image image=\"574\" img_size=\"full\" alignment=\"center\" onclick=\"custom_link\" img_link_target=\"_blank\" link=\"https:\/\/www.instagram.com\/comsentido.es\/\"][\/vc_column_inner][vc_column_inner width=\"1\/6\"][vc_single_image image=\"570\" img_size=\"full\" alignment=\"center\" onclick=\"custom_link\" img_link_target=\"_blank\" link=\" https:\/\/twitter.com\/comsentido_es\"][\/vc_column_inner][vc_column_inner width=\"1\/6\"][vc_single_image image=\"571\" img_size=\"full\" alignment=\"center\" onclick=\"custom_link\" img_link_target=\"_blank\" link=\"https:\/\/www.facebook.com\/comsentido.es\"][\/vc_column_inner][vc_column_inner width=\"1\/6\"][\/vc_column_inner][\/vc_row_inner][\/vc_column][\/vc_row][vc_row full_width=\"stretch_row\" el_class=\"fndAbajoDer\" css=\".vc_custom_1554023557630{background-image: url(http:\/\/comsentido.es\/wp-content\/uploads\/2019\/03\/fnd5.png?id=338) !important;background-position: 0 0 !important;background-repeat: no-repeat !important;}\"][vc_column][vc_column_text]\r\n<p style=\"text-align: center;\"><strong>\u00bfQuieres seguir investigando sobre lo que te ofrecemos en coMsentido?<\/strong><\/p>\r\n[\/vc_column_text][vc_row_inner gap=\"35\" el_class=\"bloqueServicios\"][vc_column_inner width=\"1\/3\"][vc_single_image image=\"251\" img_size=\"150x150\" alignment=\"center\" onclick=\"custom_link\" link=\"http:\/\/comsentido.es\/servicios\/marketing-digital\/\"][vc_column_text css=\".vc_custom_1554459981702{margin-bottom: 1em !important;}\"]\r\n<p style=\"text-align: center;\"><span style=\"color: #8d0238;\"><strong><a style=\"color: #8d0238;\" href=\"http:\/\/comsentido.es\/servicios\/marketing-digital\/\">Marketing Digital<\/a><\/strong><\/span><\/p>\r\n[\/vc_column_text][vc_column_text]\r\n<p style=\"text-align: center;\">Refuerza tu marca y haz que tu cliente ideal te encuentre. \u00bfC\u00f3mo? A trav\u00e9s de las redes sociales, de tu p\u00e1gina web y gracias al contenido de calidad que ofreceremos.<\/p>\r\n[\/vc_column_text][\/vc_column_inner][vc_column_inner width=\"1\/3\"][vc_single_image image=\"252\" img_size=\"150x150\" alignment=\"center\" onclick=\"custom_link\" link=\"http:\/\/comsentido.es\/servicios\/comunicacion-y-prensa\/\"][vc_column_text css=\".vc_custom_1554459997789{margin-bottom: 1em !important;}\"]\r\n<p style=\"text-align: center;\"><span style=\"color: #8d0238;\"><strong><a style=\"color: #8d0238;\" href=\"http:\/\/comsentido.es\/servicios\/comunicacion-y-prensa\/\">Comunicaci\u00f3n y Prensa<\/a><\/strong><\/span><\/p>\r\n[\/vc_column_text][vc_column_text]\r\n<p style=\"text-align: center;\">Comunica lo que t\u00fa y tu proyecto est\u00e1is logrando para que todo el mundo lo sepa. Conseguiremos mejorar tu posicionamiento y m\u00e1s cobertura en los medios de comunicaci\u00f3n.<\/p>\r\n[\/vc_column_text][\/vc_column_inner][vc_column_inner width=\"1\/3\"][vc_single_image image=\"253\" img_size=\"150x150\" alignment=\"center\" onclick=\"custom_link\" link=\"http:\/\/comsentido.es\/servicios\/eventos\/\"][vc_column_text css=\".vc_custom_1554460011126{margin-bottom: 1em !important;}\"]\r\n<p style=\"text-align: center;\"><span style=\"color: #8d0238;\"><strong><a style=\"color: #8d0238;\" href=\"http:\/\/comsentido.es\/servicios\/eventos\/\">Eventos<\/a><\/strong><\/span><\/p>\r\n[\/vc_column_text][vc_column_text]\r\n<p style=\"text-align: center;\">Cautiva a tu p\u00fablico con un evento que haga vibrar a todos los asistentes. Lo haremos cuidando todo detalle al m\u00e1ximo, planteando el plan A perfecto y con mucha creatividad y sentimiento.<\/p>\r\n[\/vc_column_text][\/vc_column_inner][\/vc_row_inner][\/vc_column][\/vc_row]","_et_gb_content_width":"","footnotes":""},"class_list":["post-10714","page","type-page","status-publish","hentry"],"aioseo_notices":[],"_links":{"self":[{"href":"https:\/\/comsentido.es\/en\/wp-json\/wp\/v2\/pages\/10714","targetHints":{"allow":["GET"]}}],"collection":[{"href":"https:\/\/comsentido.es\/en\/wp-json\/wp\/v2\/pages"}],"about":[{"href":"https:\/\/comsentido.es\/en\/wp-json\/wp\/v2\/types\/page"}],"author":[{"embeddable":true,"href":"https:\/\/comsentido.es\/en\/wp-json\/wp\/v2\/users\/1"}],"replies":[{"embeddable":true,"href":"https:\/\/comsentido.es\/en\/wp-json\/wp\/v2\/comments?post=10714"}],"version-history":[{"count":0,"href":"https:\/\/comsentido.es\/en\/wp-json\/wp\/v2\/pages\/10714\/revisions"}],"wp:attachment":[{"href":"https:\/\/comsentido.es\/en\/wp-json\/wp\/v2\/media?parent=10714"}],"curies":[{"name":"wp","href":"https:\/\/api.w.org\/{rel}","templated":true}]}}