{"id":7631,"date":"2023-05-10T08:38:12","date_gmt":"2023-05-10T06:38:12","guid":{"rendered":"https:\/\/comsentido.es\/?page_id=7631"},"modified":"2023-05-10T08:38:12","modified_gmt":"2023-05-10T06:38:12","slug":"plantilla-cliping-de-premsa-excel","status":"publish","type":"page","link":"https:\/\/comsentido.es\/ca\/plantilla-cliping-de-premsa-excel\/","title":{"rendered":"Plantilla cl\u00edping de premsa (Excel)"},"content":{"rendered":"<p>[et_pb_section fb_built=&#8221;1&#8243; fullwidth=&#8221;on&#8221; _builder_version=&#8221;4.18.0&#8243; _module_preset=&#8221;default&#8221; global_colors_info=&#8221;{}&#8221; theme_builder_area=&#8221;post_content&#8221;][et_pb_fullwidth_post_title meta=&#8221;off&#8221; featured_image=&#8221;off&#8221; _builder_version=&#8221;4.18.0&#8243; _module_preset=&#8221;default&#8221; title_font_size=&#8221;37px&#8221; background_enable_color=&#8221;off&#8221; background_image=&#8221;https:\/\/comsentido.es\/wp-content\/uploads\/2023\/05\/RESTILING-WEB-COMSenTIDO_Mesa-de-trabajo-1-copia-12.png&#8221; background_position=&#8221;top_center&#8221; text_orientation=&#8221;center&#8221; module_alignment=&#8221;left&#8221; custom_margin=&#8221;0px||0px||true|false&#8221; custom_padding=&#8221;115px||115px||true|false&#8221; background_last_edited=&#8221;off|desktop&#8221; global_colors_info=&#8221;{}&#8221; theme_builder_area=&#8221;post_content&#8221;][\/et_pb_fullwidth_post_title][\/et_pb_section][et_pb_section fb_built=&#8221;1&#8243; _builder_version=&#8221;4.18.0&#8243; _module_preset=&#8221;default&#8221; custom_padding=&#8221;||19px||false|false&#8221; global_colors_info=&#8221;{}&#8221; theme_builder_area=&#8221;post_content&#8221;][et_pb_row column_structure=&#8221;1_2,1_2&#8243; _builder_version=&#8221;4.18.0&#8243; _module_preset=&#8221;default&#8221; global_colors_info=&#8221;{}&#8221; theme_builder_area=&#8221;post_content&#8221;][et_pb_column type=&#8221;1_2&#8243; _builder_version=&#8221;4.18.0&#8243; _module_preset=&#8221;default&#8221; global_colors_info=&#8221;{}&#8221; theme_builder_area=&#8221;post_content&#8221;][et_pb_image src=&#8221;https:\/\/comsentido.es\/wp-content\/uploads\/2020\/11\/Plantilla-clipping-de-prensa_coMsentido.png&#8221; _builder_version=&#8221;4.18.0&#8243; _module_preset=&#8221;default&#8221; hover_enabled=&#8221;0&#8243; global_colors_info=&#8221;{}&#8221; theme_builder_area=&#8221;post_content&#8221; sticky_enabled=&#8221;0&#8243;][\/et_pb_image][\/et_pb_column][et_pb_column type=&#8221;1_2&#8243; _builder_version=&#8221;4.18.0&#8243; _module_preset=&#8221;default&#8221; global_colors_info=&#8221;{}&#8221; theme_builder_area=&#8221;post_content&#8221;][et_pb_text _builder_version=&#8221;4.18.0&#8243; _module_preset=&#8221;default&#8221; text_font=&#8221;Poppins|300|||||||&#8221; text_font_size=&#8221;16px&#8221; hover_enabled=&#8221;0&#8243; global_colors_info=&#8221;{}&#8221; theme_builder_area=&#8221;post_content&#8221; sticky_enabled=&#8221;0&#8243;]<\/p>\n<p>Coneixes qu\u00e8 \u00e9s un cl\u00edping de premsa? Si et dediques a la comunicaci\u00f3, possiblement s\u00ed. <strong>El cl\u00edping consisteix en un document en el qual es recopilen totes les aparicions en mitjans de comunicaci\u00f3 d&#8217;una empresa o marca concreta.<\/strong><\/p>\n<p>[\/et_pb_text][et_pb_code _builder_version=&#8221;4.18.0&#8243; _module_preset=&#8221;default&#8221; global_colors_info=&#8221;{}&#8221; theme_builder_area=&#8221;post_content&#8221; hover_enabled=&#8221;0&#8243; sticky_enabled=&#8221;0&#8243;]<!-- Optin - Inicio --><!-- [et_pb_line_break_holder] --><\/p>\n<div id=\"optin-5mYCKhYl\" data-type=\"inline\"><\/div>\n<p><!-- [et_pb_line_break_holder] --><link rel=\"stylesheet\" type=\"text\/css\" href=\"https:\/\/optin.myperfit.com\/res\/css\/comsentido\/5mYCKhYl.css\"><!-- [et_pb_line_break_holder] --><script type=\"text\/javascript\" src=\"https:\/\/optin.myperfit.com\/res\/js\/comsentido\/5mYCKhYl.js\"><\/script><!-- [et_pb_line_break_holder] --><!-- Optin - Fin --><!-- [et_pb_line_break_holder] --><!-- [et_pb_line_break_holder] --><!-- Estilos Personalizados - Inicio --><!-- [et_pb_line_break_holder] --><\/p>\n<style><!-- [et_pb_line_break_holder] -->div.p-body {<!-- [et_pb_line_break_holder] --> \/* Color de fondo del formulario *\/<!-- [et_pb_line_break_holder] --> background-color: #FFFFFF;<!-- [et_pb_line_break_holder] -->}<!-- [et_pb_line_break_holder] --><!-- [et_pb_line_break_holder] -->.p-optin div.p-header,<!-- [et_pb_line_break_holder] -->.p-optin .p-body button,<!-- [et_pb_line_break_holder] -->button.p-open {<!-- [et_pb_line_break_holder] --> \/* Color de fondo de encabezado y bot\u00f3n *\/<!-- [et_pb_line_break_holder] --> background: #8F0033;<!-- [et_pb_line_break_holder] --> \/* Color de texto de encabezado y bot\u00f3n *\/<!-- [et_pb_line_break_holder] --> color: #FFFFFF;<!-- [et_pb_line_break_holder] -->}<!-- [et_pb_line_break_holder] --><!-- [et_pb_line_break_holder] -->.p-optin .p-body button:hover,<!-- [et_pb_line_break_holder] -->button.p-open:hover{<!-- [et_pb_line_break_holder] --> \/* Color hover de bot\u00f3n *\/<!-- [et_pb_line_break_holder] --> background:  #8F0033;<!-- [et_pb_line_break_holder] --> opacity: 0.8;<!-- [et_pb_line_break_holder] -->}<!-- [et_pb_line_break_holder] --><!-- [et_pb_line_break_holder] -->.p-optin div.p-body p,<!-- [et_pb_line_break_holder] -->.p-optin div.p-field label span,<!-- [et_pb_line_break_holder] -->.p-optin .p-body .p-success {<!-- [et_pb_line_break_holder] --> \/* Color de texto del formulario *\/<!-- [et_pb_line_break_holder] --> color: #696969;<!-- [et_pb_line_break_holder] -->}<!-- [et_pb_line_break_holder] --><!-- [et_pb_line_break_holder] -->.p-optin .p-body p {<!-- [et_pb_line_break_holder] -->    color: #8F0033!important;<!-- [et_pb_line_break_holder] -->    font-size: 2em!important;<!-- [et_pb_line_break_holder] -->}<!-- [et_pb_line_break_holder] -->\u200b<!-- [et_pb_line_break_holder] -->.p-optin div.p-header {<!-- [et_pb_line_break_holder] --> \/* Imagen encabezado *\/<!-- [et_pb_line_break_holder] --> \/*<!-- [et_pb_line_break_holder] --> background-image: url(https:\/\/...);<!-- [et_pb_line_break_holder] --> background-size: contain;<!-- [et_pb_line_break_holder] --> background-repeat: no-repeat;<!-- [et_pb_line_break_holder] --> background-position: center;<!-- [et_pb_line_break_holder] --> height: 160px;<!-- [et_pb_line_break_holder] --> background-color: #ffffff;<!-- [et_pb_line_break_holder] --> *\/<!-- [et_pb_line_break_holder] -->}<!-- [et_pb_line_break_holder] --><\/style>\n<p><!-- [et_pb_line_break_holder] --><!-- Estilos Personalizados - Fin--><!-- [et_pb_line_break_holder] -->[\/et_pb_code][\/et_pb_column][\/et_pb_row][\/et_pb_section][et_pb_section fb_built=&#8221;1&#8243; _builder_version=&#8221;4.18.0&#8243; _module_preset=&#8221;default&#8221; background_color=&#8221;#DEAB8C&#8221; custom_padding=&#8221;||29px||false|false&#8221; hover_enabled=&#8221;0&#8243; global_colors_info=&#8221;{}&#8221; theme_builder_area=&#8221;post_content&#8221; sticky_enabled=&#8221;0&#8243;][et_pb_row column_structure=&#8221;3_5,2_5&#8243; _builder_version=&#8221;4.18.0&#8243; _module_preset=&#8221;default&#8221; custom_padding=&#8221;||0px||false|false&#8221; global_colors_info=&#8221;{}&#8221; theme_builder_area=&#8221;post_content&#8221;][et_pb_column type=&#8221;3_5&#8243; _builder_version=&#8221;4.18.0&#8243; _module_preset=&#8221;default&#8221; global_colors_info=&#8221;{}&#8221; theme_builder_area=&#8221;post_content&#8221;][et_pb_text _builder_version=&#8221;4.18.0&#8243; _module_preset=&#8221;default&#8221; text_font=&#8221;Poppins|300|||||||&#8221; text_font_size=&#8221;16px&#8221; hover_enabled=&#8221;0&#8243; global_colors_info=&#8221;{}&#8221; theme_builder_area=&#8221;post_content&#8221; sticky_enabled=&#8221;0&#8243;]<\/p>\n<p><strong>El cl\u00edping de premsa t\u00e9 moltes utilitats, et compto algunes d&#8217;elles:<\/strong><\/p>\n<p><img loading=\"lazy\" decoding=\"async\" draggable=\"false\" role=\"img\" class=\"emoji\" alt=\"\u2764\" src=\"https:\/\/s.w.org\/images\/core\/emoji\/13.0.1\/svg\/2764.svg\" width=\"11\" height=\"11\" \/> <span>Recull totes les aparicions de la teva marca en els mitjans.<\/span><\/p>\n<p><span><img loading=\"lazy\" decoding=\"async\" draggable=\"false\" role=\"img\" class=\"emoji\" alt=\"\u2764\" src=\"https:\/\/s.w.org\/images\/core\/emoji\/13.0.1\/svg\/2764.svg\" width=\"11\" height=\"11\" \/> Tens una visi\u00f3 \u00e0mplia de la percepci\u00f3 de la teva marca en premsa.<\/span><\/p>\n<p><span><img loading=\"lazy\" decoding=\"async\" draggable=\"false\" role=\"img\" class=\"emoji\" alt=\"\u2764\" src=\"https:\/\/s.w.org\/images\/core\/emoji\/13.0.1\/svg\/2764.svg\" width=\"11\" height=\"11\" \/>\u00a0Permet tenir a m\u00e0 els mitjans de comunicaci\u00f3 que es fan ress\u00f2 de les teves novetats.<br \/><\/span><\/p>\n<p><span><img loading=\"lazy\" decoding=\"async\" draggable=\"false\" role=\"img\" class=\"emoji\" alt=\"\u2764\" src=\"https:\/\/s.w.org\/images\/core\/emoji\/13.0.1\/svg\/2764.svg\" width=\"11\" height=\"11\" \/> Mesura la teva reputaci\u00f3 en l\u00ednia i fora de l\u00ednia.<br \/><\/span><\/p>\n<p><span><img loading=\"lazy\" decoding=\"async\" draggable=\"false\" role=\"img\" class=\"emoji\" alt=\"\u2764\" src=\"https:\/\/s.w.org\/images\/core\/emoji\/13.0.1\/svg\/2764.svg\" width=\"11\" height=\"11\" \/>\u00a0T&#8217;ajuda a mesurar l&#8217;impacte de les teves accions de m\u00e0rqueting i comunicaci\u00f3.<br \/><\/span><\/p>\n<p><span><img loading=\"lazy\" decoding=\"async\" draggable=\"false\" role=\"img\" class=\"emoji\" alt=\"\u2764\" src=\"https:\/\/s.w.org\/images\/core\/emoji\/13.0.1\/svg\/2764.svg\" width=\"11\" height=\"11\" \/> <\/span>Ajuda a prevenir crisi de comunicaci\u00f3.<\/p>\n<p>I m\u00e9s important encara, <strong>quines dades apareixen en el cl\u00edping de premsa<\/strong>?<\/p>\n<p><img loading=\"lazy\" decoding=\"async\" draggable=\"false\" role=\"img\" class=\"emoji\" alt=\"\u2705\" src=\"https:\/\/s.w.org\/images\/core\/emoji\/13.0.1\/svg\/2705.svg\" width=\"11\" height=\"11\" \/> <span>El mitj\u00e0 de comunicaci\u00f3.<\/span><\/p>\n<p><img loading=\"lazy\" decoding=\"async\" draggable=\"false\" role=\"img\" class=\"emoji\" alt=\"\u2705\" src=\"https:\/\/s.w.org\/images\/core\/emoji\/13.0.1\/svg\/2705.svg\" width=\"11\" height=\"11\" \/> <span>El t\u00edtol de la not\u00edcia.<\/span><\/p>\n<p><img loading=\"lazy\" decoding=\"async\" draggable=\"false\" role=\"img\" class=\"emoji\" alt=\"\u2705\" src=\"https:\/\/s.w.org\/images\/core\/emoji\/13.0.1\/svg\/2705.svg\" width=\"11\" height=\"11\" \/> <span>La data de publicaci\u00f3.<\/span><\/p>\n<p><img loading=\"lazy\" decoding=\"async\" draggable=\"false\" role=\"img\" class=\"emoji\" alt=\"\u2705\" src=\"https:\/\/s.w.org\/images\/core\/emoji\/13.0.1\/svg\/2705.svg\" width=\"11\" height=\"11\" \/> <span>Valoracions (\u00e9s optatiu, per\u00f2 classificar els impactes en mitjans segons la imatge que donen de la teva marca, pot ajudar-te molt)<\/span><\/p>\n<p><img loading=\"lazy\" decoding=\"async\" draggable=\"false\" role=\"img\" class=\"emoji\" alt=\"\u2705\" src=\"https:\/\/s.w.org\/images\/core\/emoji\/13.0.1\/svg\/2705.svg\" width=\"11\" height=\"11\" \/> Enlla\u00e7 a la not\u00edcia, p\u00e0gina si surt en mitjans impresos, minuts\u00a0si surt en r\u00e0dio o TV\u2026<\/p>\n<p>En aquesta plantilla tindr\u00e0s les caselles amb les dades necess\u00e0ries i una breu explicaci\u00f3 del contingut que has d&#8217;introduir. Per\u00f2 si, aix\u00ed i tot, no saps com comen\u00e7ar a crear el teu cl\u00edping de premsa, <a href=\"https:\/\/comsentido.es\/contacte\/?lang=ca\">contacta amb nosaltres<\/a> i t&#8217;ajudarem encantats.<img loading=\"lazy\" decoding=\"async\" draggable=\"false\" role=\"img\" class=\"emoji\" alt=\"\ud83d\ude0a\" src=\"https:\/\/s.w.org\/images\/core\/emoji\/13.0.1\/svg\/1f60a.svg\" width=\"12\" height=\"12\" \/><\/p>\n<p>[\/et_pb_text][\/et_pb_column][et_pb_column type=&#8221;2_5&#8243; _builder_version=&#8221;4.18.0&#8243; _module_preset=&#8221;default&#8221; global_colors_info=&#8221;{}&#8221; theme_builder_area=&#8221;post_content&#8221;][et_pb_image src=&#8221;https:\/\/comsentido.es\/wp-content\/uploads\/2021\/05\/COMSENTIDO-WEB-09-1.png&#8221; _builder_version=&#8221;4.18.0&#8243; _module_preset=&#8221;default&#8221; custom_margin=&#8221;-79px||||false|false&#8221; hover_enabled=&#8221;0&#8243; global_colors_info=&#8221;{}&#8221; theme_builder_area=&#8221;post_content&#8221; sticky_enabled=&#8221;0&#8243;][\/et_pb_image][\/et_pb_column][\/et_pb_row][\/et_pb_section][et_pb_section fb_built=&#8221;1&#8243; theme_builder_area=&#8221;post_content&#8221; _builder_version=&#8221;4.18.0&#8243; _module_preset=&#8221;default&#8221;][et_pb_row _builder_version=&#8221;4.18.0&#8243; _module_preset=&#8221;default&#8221; theme_builder_area=&#8221;post_content&#8221;][et_pb_column _builder_version=&#8221;4.18.0&#8243; _module_preset=&#8221;default&#8221; type=&#8221;4_4&#8243; theme_builder_area=&#8221;post_content&#8221;][et_pb_code _builder_version=&#8221;4.18.0&#8243; _module_preset=&#8221;default&#8221; theme_builder_area=&#8221;post_content&#8221; hover_enabled=&#8221;0&#8243; sticky_enabled=&#8221;0&#8243;]<!-- Optin - Inicio --><!-- [et_pb_line_break_holder] --><\/p>\n<div id=\"optin-RhWLgMic\" data-type=\"inline\"><\/div>\n<p><!-- [et_pb_line_break_holder] --><link rel=\"stylesheet\" type=\"text\/css\" href=\"https:\/\/optin.myperfit.com\/res\/css\/comsentido\/RhWLgMic.css\"><!-- [et_pb_line_break_holder] --><script type=\"text\/javascript\" src=\"https:\/\/optin.myperfit.com\/res\/js\/comsentido\/RhWLgMic.js\"><\/script><!-- [et_pb_line_break_holder] --><!-- Optin - Fin --><!-- [et_pb_line_break_holder] --><!-- [et_pb_line_break_holder] --><!-- Estilos Personalizados - Inicio --><!-- [et_pb_line_break_holder] --><\/p>\n<style><!-- [et_pb_line_break_holder] -->div.p-body {<!-- [et_pb_line_break_holder] --> \/* Color de fondo del formulario *\/<!-- [et_pb_line_break_holder] --> background-color: #FFFFFF;<!-- [et_pb_line_break_holder] -->}<!-- [et_pb_line_break_holder] --><!-- [et_pb_line_break_holder] -->.p-optin div.p-header,<!-- [et_pb_line_break_holder] -->.p-optin .p-body button,<!-- [et_pb_line_break_holder] -->button.p-open {<!-- [et_pb_line_break_holder] --> \/* Color de fondo de encabezado y bot\u00f3n *\/<!-- [et_pb_line_break_holder] --> background: #8F0033;<!-- [et_pb_line_break_holder] --> \/* Color de texto de encabezado y bot\u00f3n *\/<!-- [et_pb_line_break_holder] --> color: #FFFFFF;<!-- [et_pb_line_break_holder] -->}<!-- [et_pb_line_break_holder] --><!-- [et_pb_line_break_holder] -->.p-optin .p-body button:hover,<!-- [et_pb_line_break_holder] -->button.p-open:hover{<!-- [et_pb_line_break_holder] --> \/* Color hover de bot\u00f3n *\/<!-- [et_pb_line_break_holder] --> background:  #8F0033;<!-- [et_pb_line_break_holder] --> opacity: 0.8;<!-- [et_pb_line_break_holder] -->}<!-- [et_pb_line_break_holder] --><!-- [et_pb_line_break_holder] -->.p-optin div.p-body p,<!-- [et_pb_line_break_holder] -->.p-optin div.p-field label span,<!-- [et_pb_line_break_holder] -->.p-optin .p-body .p-success {<!-- [et_pb_line_break_holder] --> \/* Color de texto del formulario *\/<!-- [et_pb_line_break_holder] --> color: #696969;<!-- [et_pb_line_break_holder] -->}<!-- [et_pb_line_break_holder] --><!-- [et_pb_line_break_holder] -->.p-optin .p-body p {<!-- [et_pb_line_break_holder] -->    color: #8F0033!important;<!-- [et_pb_line_break_holder] -->    font-size: 2em!important;<!-- [et_pb_line_break_holder] -->}<!-- [et_pb_line_break_holder] -->\u200b<!-- [et_pb_line_break_holder] --><!-- [et_pb_line_break_holder] -->.p-optin div.p-header {<!-- [et_pb_line_break_holder] --> \/* Imagen encabezado *\/<!-- [et_pb_line_break_holder] --> \/*<!-- [et_pb_line_break_holder] --> background-image: url(https:\/\/...);<!-- [et_pb_line_break_holder] --> background-size: contain;<!-- [et_pb_line_break_holder] --> background-repeat: no-repeat;<!-- [et_pb_line_break_holder] --> background-position: center;<!-- [et_pb_line_break_holder] --> height: 160px;<!-- [et_pb_line_break_holder] --> background-color: #ffffff;<!-- [et_pb_line_break_holder] --> *\/<!-- [et_pb_line_break_holder] -->}<!-- [et_pb_line_break_holder] --><\/style>\n<p><!-- [et_pb_line_break_holder] --><!-- Estilos Personalizados - Fin--><!-- [et_pb_line_break_holder] -->[\/et_pb_code][\/et_pb_column][\/et_pb_row][\/et_pb_section][et_pb_section fb_built=&#8221;1&#8243; theme_builder_area=&#8221;post_content&#8221; _builder_version=&#8221;4.18.0&#8243; _module_preset=&#8221;default&#8221; background_color=&#8221;#E7E0D6&#8243; hover_enabled=&#8221;0&#8243; sticky_enabled=&#8221;0&#8243;][et_pb_row _builder_version=&#8221;4.18.0&#8243; _module_preset=&#8221;default&#8221; theme_builder_area=&#8221;post_content&#8221; column_structure=&#8221;2_5,3_5&#8243; hover_enabled=&#8221;0&#8243; sticky_enabled=&#8221;0&#8243;][et_pb_column _builder_version=&#8221;4.18.0&#8243; _module_preset=&#8221;default&#8221; type=&#8221;2_5&#8243; theme_builder_area=&#8221;post_content&#8221;][et_pb_image src=&#8221;https:\/\/comsentido.es\/wp-content\/uploads\/2021\/05\/COMSENTIDO-WEB-10-1.png&#8221; _builder_version=&#8221;4.18.0&#8243; _module_preset=&#8221;default&#8221; theme_builder_area=&#8221;post_content&#8221; width=&#8221;23%&#8221; module_alignment=&#8221;center&#8221; hover_enabled=&#8221;0&#8243; sticky_enabled=&#8221;0&#8243;][\/et_pb_image][\/et_pb_column][et_pb_column _builder_version=&#8221;4.18.0&#8243; _module_preset=&#8221;default&#8221; type=&#8221;3_5&#8243; theme_builder_area=&#8221;post_content&#8221;][et_pb_text _builder_version=&#8221;4.18.0&#8243; _module_preset=&#8221;default&#8221; theme_builder_area=&#8221;post_content&#8221; hover_enabled=&#8221;0&#8243; sticky_enabled=&#8221;0&#8243; text_font=&#8221;Poppins|300|||||||&#8221; text_font_size=&#8221;16px&#8221;]<\/p>\n<p><strong>Vols organitzar-te correctament?<\/strong> No pots perdre&#8217;t la <a href=\"https:\/\/shop.comsentido.es\/\">guia per a sortir en mitjans<\/a> de la nostra tenda.\ud83d\ude0a<\/p>\n<p>[\/et_pb_text][\/et_pb_column][\/et_pb_row][\/et_pb_section][et_pb_section fb_built=&#8221;1&#8243; _builder_version=&#8221;4.18.0&#8243; _module_preset=&#8221;default&#8221; background_color=&#8221;#ee002f&#8221; custom_padding=&#8221;31px||31px||true|false&#8221; global_colors_info=&#8221;{}&#8221; theme_builder_area=&#8221;post_content&#8221;][et_pb_row _builder_version=&#8221;4.18.0&#8243; _module_preset=&#8221;default&#8221; global_colors_info=&#8221;{}&#8221; theme_builder_area=&#8221;post_content&#8221;][et_pb_column type=&#8221;4_4&#8243; _builder_version=&#8221;4.18.0&#8243; _module_preset=&#8221;default&#8221; global_colors_info=&#8221;{}&#8221; theme_builder_area=&#8221;post_content&#8221;][et_pb_text _builder_version=&#8221;4.18.0&#8243; _module_preset=&#8221;default&#8221; text_font=&#8221;Poppins|300|||||||&#8221; text_text_color=&#8221;#FFFFFF&#8221; text_font_size=&#8221;16px&#8221; text_line_height=&#8221;1.9em&#8221; header_3_font=&#8221;Poppins||||||||&#8221; header_3_text_color=&#8221;#FFFFFF&#8221; header_3_font_size=&#8221;26px&#8221; text_orientation=&#8221;center&#8221; max_width=&#8221;700px&#8221; module_alignment=&#8221;center&#8221; global_colors_info=&#8221;{}&#8221; theme_builder_area=&#8221;post_content&#8221;]<\/p>\n<h3 style=\"text-align: center;\">Segueix-nos en xarxes socials<\/h3>\n<p style=\"text-align: center;\">Estem en gaireb\u00e9 totes i intentem aportar-te valor d&#8217;una forma amena i divertida.<\/p>\n<p>[\/et_pb_text][et_pb_social_media_follow icon_color=&#8221;#FFFFFF&#8221; _builder_version=&#8221;4.18.0&#8243; _module_preset=&#8221;default&#8221; background_color=&#8221;RGBA(0,0,0,0)&#8221; text_orientation=&#8221;center&#8221; saved_tabs=&#8221;all&#8221; global_colors_info=&#8221;{}&#8221; theme_builder_area=&#8221;post_content&#8221;][et_pb_social_media_follow_network social_network=&#8221;instagram&#8221; url=&#8221;https:\/\/instagram.com\/comsentido.es&#8221; icon_color=&#8221;#E7E0D6&#8243; use_icon_font_size=&#8221;on&#8221; icon_font_size=&#8221;22px&#8221; _builder_version=&#8221;4.16&#8243; _module_preset=&#8221;default&#8221; background_color=&#8221;RGBA(0,0,0,0)&#8221; background_enable_color=&#8221;on&#8221; border_radii=&#8221;on|20px|20px|20px|20px&#8221; global_colors_info=&#8221;{}&#8221; theme_builder_area=&#8221;post_content&#8221; follow_button=&#8221;off&#8221; url_new_window=&#8221;on&#8221;]instagram[\/et_pb_social_media_follow_network][et_pb_social_media_follow_network social_network=&#8221;linkedin&#8221; url=&#8221;https:\/\/www.linkedin.com\/company\/comsentido\/&#8221; icon_color=&#8221;#E7E0D6&#8243; use_icon_font_size=&#8221;on&#8221; icon_font_size=&#8221;22px&#8221; _builder_version=&#8221;4.16&#8243; _module_preset=&#8221;default&#8221; background_color=&#8221;RGBA(0,0,0,0)&#8221; background_enable_color=&#8221;on&#8221; border_radii=&#8221;on|20px|20px|20px|20px&#8221; global_colors_info=&#8221;{}&#8221; theme_builder_area=&#8221;post_content&#8221; follow_button=&#8221;off&#8221; url_new_window=&#8221;on&#8221;]linkedin[\/et_pb_social_media_follow_network][et_pb_social_media_follow_network social_network=&#8221;youtube&#8221; url=&#8221;https:\/\/www.youtube.com\/channel\/UCIUX-Sl5xn4dZTYq26hUlRQ&#8221; icon_color=&#8221;#E7E0D6&#8243; use_icon_font_size=&#8221;on&#8221; icon_font_size=&#8221;22px&#8221; _builder_version=&#8221;4.16&#8243; _module_preset=&#8221;default&#8221; background_color=&#8221;RGBA(0,0,0,0)&#8221; background_enable_color=&#8221;on&#8221; border_radii=&#8221;on|20px|20px|20px|20px&#8221; global_colors_info=&#8221;{}&#8221; theme_builder_area=&#8221;post_content&#8221; follow_button=&#8221;off&#8221; url_new_window=&#8221;on&#8221;]youtube[\/et_pb_social_media_follow_network][et_pb_social_media_follow_network social_network=&#8221;pinterest&#8221; url=&#8221;https:\/\/www.pinterest.es\/comsentido_es\/&#8221; icon_color=&#8221;#E7E0D6&#8243; use_icon_font_size=&#8221;on&#8221; icon_font_size=&#8221;22px&#8221; _builder_version=&#8221;4.16&#8243; _module_preset=&#8221;default&#8221; background_color=&#8221;RGBA(0,0,0,0)&#8221; background_enable_color=&#8221;on&#8221; border_radii=&#8221;on|20px|20px|20px|20px&#8221; global_colors_info=&#8221;{}&#8221; theme_builder_area=&#8221;post_content&#8221; follow_button=&#8221;off&#8221; url_new_window=&#8221;on&#8221;]pinterest[\/et_pb_social_media_follow_network][et_pb_social_media_follow_network social_network=&#8221;twitter&#8221; url=&#8221;https:\/\/twitter.com\/comsentido_es&#8221; icon_color=&#8221;#E7E0D6&#8243; use_icon_font_size=&#8221;on&#8221; icon_font_size=&#8221;22px&#8221; _builder_version=&#8221;4.16&#8243; _module_preset=&#8221;default&#8221; background_color=&#8221;RGBA(0,0,0,0)&#8221; background_enable_color=&#8221;on&#8221; border_radii=&#8221;on|20px|20px|20px|20px&#8221; global_colors_info=&#8221;{}&#8221; theme_builder_area=&#8221;post_content&#8221; follow_button=&#8221;off&#8221; url_new_window=&#8221;on&#8221;]twitter[\/et_pb_social_media_follow_network][et_pb_social_media_follow_network social_network=&#8221;facebook&#8221; url=&#8221;https:\/\/www.facebook.com\/comsentido.es&#8221; icon_color=&#8221;#E7E0D6&#8243; use_icon_font_size=&#8221;on&#8221; icon_font_size=&#8221;22px&#8221; _builder_version=&#8221;4.16&#8243; _module_preset=&#8221;default&#8221; background_color=&#8221;RGBA(0,0,0,0)&#8221; background_enable_color=&#8221;on&#8221; border_radii=&#8221;on|20px|20px|20px|20px&#8221; global_colors_info=&#8221;{}&#8221; theme_builder_area=&#8221;post_content&#8221; follow_button=&#8221;off&#8221; url_new_window=&#8221;on&#8221;]facebook[\/et_pb_social_media_follow_network][\/et_pb_social_media_follow][\/et_pb_column][\/et_pb_row][\/et_pb_section][et_pb_section fb_built=&#8221;1&#8243; _builder_version=&#8221;4.16&#8243; _module_preset=&#8221;default&#8221; custom_padding=&#8221;20px||20px|||&#8221; global_colors_info=&#8221;{}&#8221; theme_builder_area=&#8221;post_content&#8221;][et_pb_row _builder_version=&#8221;4.16&#8243; _module_preset=&#8221;default&#8221; custom_padding=&#8221;||2px|||&#8221; global_colors_info=&#8221;{}&#8221; theme_builder_area=&#8221;post_content&#8221;][et_pb_column type=&#8221;4_4&#8243; _builder_version=&#8221;4.16&#8243; _module_preset=&#8221;default&#8221; global_colors_info=&#8221;{}&#8221; theme_builder_area=&#8221;post_content&#8221;][et_pb_text _builder_version=&#8221;4.18.0&#8243; _module_preset=&#8221;default&#8221; header_3_text_align=&#8221;center&#8221; header_3_font_size=&#8221;25px&#8221; global_colors_info=&#8221;{}&#8221; theme_builder_area=&#8221;post_content&#8221;]<\/p>\n<h3>Assabenta&#8217;t de tot en el nostre blog<\/h3>\n<p>[\/et_pb_text][et_pb_blog fullwidth=&#8221;off&#8221; posts_number=&#8221;3&#8243; meta_date=&#8221;d M Y&#8221; use_manual_excerpt=&#8221;off&#8221; excerpt_length=&#8221;80&#8243; show_author=&#8221;off&#8221; show_categories=&#8221;off&#8221; show_pagination=&#8221;off&#8221; use_overlay=&#8221;on&#8221; hover_icon=&#8221;&#x55;||divi||400&#8243; _builder_version=&#8221;4.18.0&#8243; _module_preset=&#8221;default&#8221; header_font=&#8221;Poppins||||||||&#8221; header_text_color=&#8221;#8F0033&#8243; body_font=&#8221;Poppins|300|||||||&#8221; body_text_color=&#8221;#333333&#8243; border_width_all=&#8221;0px&#8221; global_colors_info=&#8221;{}&#8221; theme_builder_area=&#8221;post_content&#8221;][\/et_pb_blog][\/et_pb_column][\/et_pb_row][\/et_pb_section]<\/p>\n","protected":false},"excerpt":{"rendered":"<p>Coneixes qu\u00e8 \u00e9s un cl\u00edping de premsa? Si et dediques a la comunicaci\u00f3, possiblement s\u00ed. El cl\u00edping consisteix en un document en el qual es recopilen totes les aparicions en mitjans de comunicaci\u00f3 d&#8217;una empresa o marca concreta.El cl\u00edping de premsa t\u00e9 moltes utilitats, et compto algunes d&#8217;elles: Recull totes les aparicions de la teva [&hellip;]<\/p>\n","protected":false},"author":1,"featured_media":0,"parent":0,"menu_order":0,"comment_status":"closed","ping_status":"closed","template":"","meta":{"_et_pb_use_builder":"on","_et_pb_old_content":"","_et_gb_content_width":"","footnotes":""},"class_list":["post-7631","page","type-page","status-publish","hentry"],"aioseo_notices":[],"_links":{"self":[{"href":"https:\/\/comsentido.es\/ca\/wp-json\/wp\/v2\/pages\/7631","targetHints":{"allow":["GET"]}}],"collection":[{"href":"https:\/\/comsentido.es\/ca\/wp-json\/wp\/v2\/pages"}],"about":[{"href":"https:\/\/comsentido.es\/ca\/wp-json\/wp\/v2\/types\/page"}],"author":[{"embeddable":true,"href":"https:\/\/comsentido.es\/ca\/wp-json\/wp\/v2\/users\/1"}],"replies":[{"embeddable":true,"href":"https:\/\/comsentido.es\/ca\/wp-json\/wp\/v2\/comments?post=7631"}],"version-history":[{"count":0,"href":"https:\/\/comsentido.es\/ca\/wp-json\/wp\/v2\/pages\/7631\/revisions"}],"wp:attachment":[{"href":"https:\/\/comsentido.es\/ca\/wp-json\/wp\/v2\/media?parent=7631"}],"curies":[{"name":"wp","href":"https:\/\/api.w.org\/{rel}","templated":true}]}}