{"id":7353,"date":"2023-04-26T14:55:41","date_gmt":"2023-04-26T12:55:41","guid":{"rendered":"https:\/\/comsentido.es\/?page_id=7353"},"modified":"2023-04-26T14:56:52","modified_gmt":"2023-04-26T12:56:52","slug":"infografia-grandaria-imatges-en-xarxes-socials","status":"publish","type":"page","link":"https:\/\/comsentido.es\/ca\/infografia-grandaria-imatges-en-xarxes-socials\/","title":{"rendered":"Infografia grand\u00e0ria imatges en Xarxes Socials"},"content":{"rendered":"<p>[et_pb_section fb_built=&#8221;1&#8243; fullwidth=&#8221;on&#8221; _builder_version=&#8221;4.18.0&#8243; _module_preset=&#8221;default&#8221; global_colors_info=&#8221;{}&#8221;][et_pb_fullwidth_post_title meta=&#8221;off&#8221; featured_image=&#8221;off&#8221; _builder_version=&#8221;4.18.0&#8243; _module_preset=&#8221;default&#8221; title_font_size=&#8221;37px&#8221; background_image=&#8221;https:\/\/comsentido.es\/wp-content\/uploads\/2021\/05\/RESTILING-WEB-COMSenTIDO_Mesa-de-trabajo-1-copia-12.png&#8221; background_position=&#8221;top_center&#8221; text_orientation=&#8221;center&#8221; module_alignment=&#8221;left&#8221; custom_margin=&#8221;0px||0px||true|false&#8221; custom_padding=&#8221;115px||115px||true|false&#8221; global_colors_info=&#8221;{}&#8221;][\/et_pb_fullwidth_post_title][\/et_pb_section][et_pb_section fb_built=&#8221;1&#8243; _builder_version=&#8221;4.18.0&#8243; _module_preset=&#8221;default&#8221; global_colors_info=&#8221;{}&#8221;][et_pb_row column_structure=&#8221;1_2,1_2&#8243; _builder_version=&#8221;4.18.0&#8243; _module_preset=&#8221;default&#8221; global_colors_info=&#8221;{}&#8221;][et_pb_column type=&#8221;1_2&#8243; _builder_version=&#8221;4.18.0&#8243; _module_preset=&#8221;default&#8221; global_colors_info=&#8221;{}&#8221;][et_pb_image src=&#8221;https:\/\/comsentido.es\/wp-content\/uploads\/2020\/11\/Infografia-tamano-RRSS_coMsentido.png&#8221; _builder_version=&#8221;4.18.0&#8243; _module_preset=&#8221;default&#8221; global_colors_info=&#8221;{}&#8221;][\/et_pb_image][\/et_pb_column][et_pb_column type=&#8221;1_2&#8243; _builder_version=&#8221;4.18.0&#8243; _module_preset=&#8221;default&#8221; global_colors_info=&#8221;{}&#8221;][et_pb_text _builder_version=&#8221;4.18.0&#8243; _module_preset=&#8221;default&#8221; text_font=&#8221;Poppins|300|||||||&#8221; text_font_size=&#8221;16px&#8221; global_colors_info=&#8221;{}&#8221;]<\/p>\n<p>Perds el temps a buscar la grand\u00e0ria d&#8217;una imatge cada vegada que publicar\u00e0s alguna cosa per a adaptar-la a una de les diferents xarxes socials? Est\u00e0s cansat de les actualitzacions de les grand\u00e0ries i no saps ja quin \u00e9s el correcte? <strong>A CoMsentido hem preparat una infografia amb totes les grand\u00e0ries per a poder-te ajudar <img decoding=\"async\" draggable=\"false\" role=\"img\" class=\"emoji\" alt=\"\ud83d\ude42\" src=\"https:\/\/s.w.org\/images\/core\/emoji\/13.0.1\/svg\/1f642.svg\" \/><\/strong><\/p>\n<p>[\/et_pb_text][\/et_pb_column][\/et_pb_row][\/et_pb_section][et_pb_section fb_built=&#8221;1&#8243; _builder_version=&#8221;4.18.0&#8243; _module_preset=&#8221;default&#8221; background_color=&#8221;#DEAB8C&#8221; custom_padding=&#8221;||29px||false|false&#8221; global_colors_info=&#8221;{}&#8221;][et_pb_row column_structure=&#8221;3_5,2_5&#8243; _builder_version=&#8221;4.18.0&#8243; _module_preset=&#8221;default&#8221; global_colors_info=&#8221;{}&#8221;][et_pb_column type=&#8221;3_5&#8243; _builder_version=&#8221;4.18.0&#8243; _module_preset=&#8221;default&#8221; global_colors_info=&#8221;{}&#8221;][et_pb_text _builder_version=&#8221;4.18.0&#8243; _module_preset=&#8221;default&#8221; text_font=&#8221;Poppins|300|||||||&#8221; text_font_size=&#8221;16px&#8221; header_font=&#8221;Poppins||||||||&#8221; global_colors_info=&#8221;{}&#8221;]<\/p>\n<p><strong>Qu\u00e8 trobar\u00e0s en aquesta infografia?<\/strong><strong><\/strong><\/p>\n<p><strong><\/strong><\/p>\n<ul>\n<li>Les grand\u00e0ries per a les diferents imatges de Facebook, Twitter, Instagram, Pinterest, LinkedIn i Youtube.<strong><br \/><\/strong><\/li>\n<li><span>Les diferents grand\u00e0ries admeses per a cada publicaci\u00f3.<\/span><\/li>\n<li><span>La grand\u00e0ria m\u00e0xima que ha de pesar cada imatge.<\/span><\/li>\n<li>Les diverses possibilitats de formats en cada xarxa social.<\/li>\n<\/ul>\n<div class=\"traductor-textarea form-group\">\n<div class=\"textarea-desti col-xs-12 col-sm-6\">\n<p>I tot en una <strong>infografia f\u00e0cil, intu\u00eftiva i molt pr\u00e0ctica que podr\u00e0s imprimir per a tenir sempre a m\u00e0 o guardar en el teu ordinador<\/strong> per a consultar-la sempre que vulguis.<\/p>\n<p>A m\u00e9s, si vols m\u00e9s informaci\u00f3 sobre aquest tema pots llegir\u00a0el <a href=\"https:\/\/comsentido.es\/el-tamano-de-las-imagenes-en-redes-sociales-guia-definitiva\/\">nostre post<\/a>\u00a0en el qual parlem d&#8217;aix\u00f2 detingudament.<\/p>\n<p>Si prefereixes que en CoMsentido creiem la teva pr\u00f2pia estrat\u00e8gia personalitzada de m\u00e0rqueting digital i ens encarreguem de crear les teves imatges per a xarxes socials, pots <a href=\"https:\/\/comsentido.es\/contacto\">contactar amb nosaltres<\/a> sol\u00b7licitant una assessoria gratu\u00efta.<\/p>\n<\/div>\n<\/div>\n<div class=\"traductor-checkbox form-group\"><\/div>\n<p>[\/et_pb_text][\/et_pb_column][et_pb_column type=&#8221;2_5&#8243; _builder_version=&#8221;4.18.0&#8243; _module_preset=&#8221;default&#8221; global_colors_info=&#8221;{}&#8221;][et_pb_image src=&#8221;https:\/\/comsentido.es\/wp-content\/uploads\/2021\/05\/COMSENTIDO-WEB-05.png&#8221; _builder_version=&#8221;4.18.0&#8243; _module_preset=&#8221;default&#8221; custom_margin=&#8221;-79px||||false|false&#8221; global_colors_info=&#8221;{}&#8221;][\/et_pb_image][\/et_pb_column][\/et_pb_row][\/et_pb_section][et_pb_section fb_built=&#8221;1&#8243; _builder_version=&#8221;4.18.0&#8243; _module_preset=&#8221;default&#8221; global_colors_info=&#8221;{}&#8221;][et_pb_row _builder_version=&#8221;4.18.0&#8243; _module_preset=&#8221;default&#8221; global_colors_info=&#8221;{}&#8221;][et_pb_column type=&#8221;4_4&#8243; _builder_version=&#8221;4.18.0&#8243; _module_preset=&#8221;default&#8221; global_colors_info=&#8221;{}&#8221;][et_pb_code _builder_version=&#8221;4.18.0&#8243; _module_preset=&#8221;default&#8221; global_colors_info=&#8221;{}&#8221;]<!-- Optin - Inicio --><!-- [et_pb_line_break_holder] --><\/p>\n<div id=\"optin-vvxWwGEQ\" data-type=\"inline\"><\/div>\n<p><!-- [et_pb_line_break_holder] --><link rel=\"stylesheet\" type=\"text\/css\" href=\"https:\/\/optin.myperfit.com\/res\/css\/comsentido\/vvxWwGEQ.css\"><!-- [et_pb_line_break_holder] --><script type=\"text\/javascript\" src=\"https:\/\/optin.myperfit.com\/res\/js\/comsentido\/vvxWwGEQ.js\"><\/script><!-- [et_pb_line_break_holder] --><!-- Optin - Fin --><!-- [et_pb_line_break_holder] --><!-- [et_pb_line_break_holder] --><!-- Estilos Personalizados - Inicio --><!-- [et_pb_line_break_holder] --><\/p>\n<style><!-- [et_pb_line_break_holder] -->div.p-body {<!-- [et_pb_line_break_holder] --> \/* Color de fondo del formulario *\/<!-- [et_pb_line_break_holder] --> background-color: #FFFFFF;<!-- [et_pb_line_break_holder] -->}<!-- [et_pb_line_break_holder] --><!-- [et_pb_line_break_holder] -->.p-optin div.p-header,<!-- [et_pb_line_break_holder] -->.p-optin .p-body button,<!-- [et_pb_line_break_holder] -->button.p-open {<!-- [et_pb_line_break_holder] --> \/* Color de fondo de encabezado y bot\u00f3n *\/<!-- [et_pb_line_break_holder] --> background: #8F0033;<!-- [et_pb_line_break_holder] --> \/* Color de texto de encabezado y bot\u00f3n *\/<!-- [et_pb_line_break_holder] --> color: #FFFFFF;<!-- [et_pb_line_break_holder] -->}<!-- [et_pb_line_break_holder] --><!-- [et_pb_line_break_holder] -->.p-optin .p-body button:hover,<!-- [et_pb_line_break_holder] -->button.p-open:hover{<!-- [et_pb_line_break_holder] --> \/* Color hover de bot\u00f3n *\/<!-- [et_pb_line_break_holder] --> background:  #8F0033;<!-- [et_pb_line_break_holder] --> opacity: 0.8;<!-- [et_pb_line_break_holder] -->}<!-- [et_pb_line_break_holder] --><!-- [et_pb_line_break_holder] -->.p-optin div.p-body p,<!-- [et_pb_line_break_holder] -->.p-optin div.p-field label span,<!-- [et_pb_line_break_holder] -->.p-optin .p-body .p-success {<!-- [et_pb_line_break_holder] --> \/* Color de texto del formulario *\/<!-- [et_pb_line_break_holder] --> color: #696969;<!-- [et_pb_line_break_holder] -->}<!-- [et_pb_line_break_holder] --><!-- [et_pb_line_break_holder] -->.p-optin .p-body p {<!-- [et_pb_line_break_holder] -->    color: #8F0033!important;<!-- [et_pb_line_break_holder] -->    font-size: 2em!important;<!-- [et_pb_line_break_holder] -->}<!-- [et_pb_line_break_holder] --><!-- [et_pb_line_break_holder] --><!-- [et_pb_line_break_holder] -->.p-optin div.p-header {<!-- [et_pb_line_break_holder] --> \/* Imagen encabezado *\/<!-- [et_pb_line_break_holder] --> \/*<!-- [et_pb_line_break_holder] --> background-image: url(https:\/\/...);<!-- [et_pb_line_break_holder] --> background-size: contain;<!-- [et_pb_line_break_holder] --> background-repeat: no-repeat;<!-- [et_pb_line_break_holder] --> background-position: center;<!-- [et_pb_line_break_holder] --> height: 160px;<!-- [et_pb_line_break_holder] --> background-color: #ffffff;<!-- [et_pb_line_break_holder] --> *\/<!-- [et_pb_line_break_holder] -->}<!-- [et_pb_line_break_holder] --><\/style>\n<p><!-- [et_pb_line_break_holder] --><!-- Estilos Personalizados - Fin--><!-- [et_pb_line_break_holder] -->[\/et_pb_code][\/et_pb_column][\/et_pb_row][\/et_pb_section][et_pb_section fb_built=&#8221;1&#8243; _builder_version=&#8221;4.18.0&#8243; _module_preset=&#8221;default&#8221; background_color=&#8221;#e7e0d6&#8243; global_colors_info=&#8221;{}&#8221;][et_pb_row column_structure=&#8221;2_5,3_5&#8243; _builder_version=&#8221;4.18.0&#8243; _module_preset=&#8221;default&#8221; global_colors_info=&#8221;{}&#8221;][et_pb_column type=&#8221;2_5&#8243; _builder_version=&#8221;4.18.0&#8243; _module_preset=&#8221;default&#8221; global_colors_info=&#8221;{}&#8221;][et_pb_image src=&#8221;https:\/\/comsentido.es\/wp-content\/uploads\/2021\/05\/COMSENTIDO-WEB-10-1.png&#8221; _builder_version=&#8221;4.18.0&#8243; _module_preset=&#8221;default&#8221; width=&#8221;23%&#8221; module_alignment=&#8221;center&#8221; global_colors_info=&#8221;{}&#8221;][\/et_pb_image][\/et_pb_column][et_pb_column type=&#8221;3_5&#8243; _builder_version=&#8221;4.18.0&#8243; _module_preset=&#8221;default&#8221; global_colors_info=&#8221;{}&#8221;][et_pb_text _builder_version=&#8221;4.18.0&#8243; _module_preset=&#8221;default&#8221; text_font=&#8221;Poppins|300|||||||&#8221; text_font_size=&#8221;16px&#8221; global_colors_info=&#8221;{}&#8221;]<\/p>\n<p><strong>T&#8217;ha estat \u00fatil les grand\u00e0ries de la infografia?<\/strong> Si vols estar ben organitzat, no oblidis comprar el <a href=\"https:\/\/shop.comsentido.es\/?s=planificador\">planificador CoMsentido<\/a> per a estar ben organitzat en tot moment \ud83d\ude0a.<\/p>\n<p>[\/et_pb_text][\/et_pb_column][\/et_pb_row][\/et_pb_section][et_pb_section fb_built=&#8221;1&#8243; _builder_version=&#8221;4.18.0&#8243; _module_preset=&#8221;default&#8221; background_color=&#8221;#ee002f&#8221; custom_padding=&#8221;31px||31px||true|false&#8221; global_colors_info=&#8221;{}&#8221;][et_pb_row _builder_version=&#8221;4.18.0&#8243; _module_preset=&#8221;default&#8221; global_colors_info=&#8221;{}&#8221;][et_pb_column type=&#8221;4_4&#8243; _builder_version=&#8221;4.18.0&#8243; _module_preset=&#8221;default&#8221; global_colors_info=&#8221;{}&#8221;][et_pb_text _builder_version=&#8221;4.18.0&#8243; _module_preset=&#8221;default&#8221; text_font=&#8221;Poppins|300|||||||&#8221; text_text_color=&#8221;#FFFFFF&#8221; text_font_size=&#8221;16px&#8221; text_line_height=&#8221;1.9em&#8221; header_3_font=&#8221;Poppins||||||||&#8221; header_3_text_color=&#8221;#FFFFFF&#8221; header_3_font_size=&#8221;26px&#8221; text_orientation=&#8221;center&#8221; max_width=&#8221;700px&#8221; module_alignment=&#8221;center&#8221; global_colors_info=&#8221;{}&#8221;]<\/p>\n<h3 style=\"text-align: center;\">Segueix-nos en xarxes socials<\/h3>\n<p style=\"text-align: center;\">Estem en gaireb\u00e9 totes i intentem aportar-te valor d&#8217;una forma amena i divertida.<\/p>\n<p>[\/et_pb_text][et_pb_social_media_follow icon_color=&#8221;#FFFFFF&#8221; _builder_version=&#8221;4.18.0&#8243; _module_preset=&#8221;default&#8221; background_color=&#8221;RGBA(0,0,0,0)&#8221; text_orientation=&#8221;center&#8221; saved_tabs=&#8221;all&#8221; global_colors_info=&#8221;{}&#8221;][et_pb_social_media_follow_network social_network=&#8221;instagram&#8221; url=&#8221;https:\/\/instagram.com\/comsentido.es&#8221; icon_color=&#8221;#E7E0D6&#8243; use_icon_font_size=&#8221;on&#8221; icon_font_size=&#8221;22px&#8221; _builder_version=&#8221;4.16&#8243; _module_preset=&#8221;default&#8221; background_color=&#8221;RGBA(0,0,0,0)&#8221; background_enable_color=&#8221;on&#8221; border_radii=&#8221;on|20px|20px|20px|20px&#8221; global_colors_info=&#8221;{}&#8221; follow_button=&#8221;off&#8221; url_new_window=&#8221;on&#8221;]instagram[\/et_pb_social_media_follow_network][et_pb_social_media_follow_network social_network=&#8221;linkedin&#8221; url=&#8221;https:\/\/www.linkedin.com\/company\/comsentido\/&#8221; icon_color=&#8221;#E7E0D6&#8243; use_icon_font_size=&#8221;on&#8221; icon_font_size=&#8221;22px&#8221; _builder_version=&#8221;4.16&#8243; _module_preset=&#8221;default&#8221; background_color=&#8221;RGBA(0,0,0,0)&#8221; background_enable_color=&#8221;on&#8221; border_radii=&#8221;on|20px|20px|20px|20px&#8221; global_colors_info=&#8221;{}&#8221; follow_button=&#8221;off&#8221; url_new_window=&#8221;on&#8221;]linkedin[\/et_pb_social_media_follow_network][et_pb_social_media_follow_network social_network=&#8221;youtube&#8221; url=&#8221;https:\/\/www.youtube.com\/channel\/UCIUX-Sl5xn4dZTYq26hUlRQ&#8221; icon_color=&#8221;#E7E0D6&#8243; use_icon_font_size=&#8221;on&#8221; icon_font_size=&#8221;22px&#8221; _builder_version=&#8221;4.16&#8243; _module_preset=&#8221;default&#8221; background_color=&#8221;RGBA(0,0,0,0)&#8221; background_enable_color=&#8221;on&#8221; border_radii=&#8221;on|20px|20px|20px|20px&#8221; global_colors_info=&#8221;{}&#8221; follow_button=&#8221;off&#8221; url_new_window=&#8221;on&#8221;]youtube[\/et_pb_social_media_follow_network][et_pb_social_media_follow_network social_network=&#8221;pinterest&#8221; url=&#8221;https:\/\/www.pinterest.es\/comsentido_es\/&#8221; icon_color=&#8221;#E7E0D6&#8243; use_icon_font_size=&#8221;on&#8221; icon_font_size=&#8221;22px&#8221; _builder_version=&#8221;4.16&#8243; _module_preset=&#8221;default&#8221; background_color=&#8221;RGBA(0,0,0,0)&#8221; background_enable_color=&#8221;on&#8221; border_radii=&#8221;on|20px|20px|20px|20px&#8221; global_colors_info=&#8221;{}&#8221; follow_button=&#8221;off&#8221; url_new_window=&#8221;on&#8221;]pinterest[\/et_pb_social_media_follow_network][et_pb_social_media_follow_network social_network=&#8221;twitter&#8221; url=&#8221;https:\/\/twitter.com\/comsentido_es&#8221; icon_color=&#8221;#E7E0D6&#8243; use_icon_font_size=&#8221;on&#8221; icon_font_size=&#8221;22px&#8221; _builder_version=&#8221;4.16&#8243; _module_preset=&#8221;default&#8221; background_color=&#8221;RGBA(0,0,0,0)&#8221; background_enable_color=&#8221;on&#8221; border_radii=&#8221;on|20px|20px|20px|20px&#8221; global_colors_info=&#8221;{}&#8221; follow_button=&#8221;off&#8221; url_new_window=&#8221;on&#8221;]twitter[\/et_pb_social_media_follow_network][et_pb_social_media_follow_network social_network=&#8221;facebook&#8221; url=&#8221;https:\/\/www.facebook.com\/comsentido.es&#8221; icon_color=&#8221;#E7E0D6&#8243; use_icon_font_size=&#8221;on&#8221; icon_font_size=&#8221;22px&#8221; _builder_version=&#8221;4.16&#8243; _module_preset=&#8221;default&#8221; background_color=&#8221;RGBA(0,0,0,0)&#8221; background_enable_color=&#8221;on&#8221; border_radii=&#8221;on|20px|20px|20px|20px&#8221; global_colors_info=&#8221;{}&#8221; follow_button=&#8221;off&#8221; url_new_window=&#8221;on&#8221;]facebook[\/et_pb_social_media_follow_network][\/et_pb_social_media_follow][\/et_pb_column][\/et_pb_row][\/et_pb_section][et_pb_section fb_built=&#8221;1&#8243; _builder_version=&#8221;4.16&#8243; _module_preset=&#8221;default&#8221; custom_padding=&#8221;20px||20px|||&#8221; global_colors_info=&#8221;{}&#8221;][et_pb_row _builder_version=&#8221;4.16&#8243; _module_preset=&#8221;default&#8221; custom_padding=&#8221;||2px|||&#8221; global_colors_info=&#8221;{}&#8221;][et_pb_column type=&#8221;4_4&#8243; _builder_version=&#8221;4.16&#8243; _module_preset=&#8221;default&#8221; global_colors_info=&#8221;{}&#8221;][et_pb_text _builder_version=&#8221;4.18.0&#8243; _module_preset=&#8221;default&#8221; header_3_text_align=&#8221;center&#8221; header_3_font_size=&#8221;25px&#8221; global_colors_info=&#8221;{}&#8221;]<\/p>\n<h3>Assabenta&#8217;t de tot en el nostre blog<\/h3>\n<p>[\/et_pb_text][et_pb_blog fullwidth=&#8221;off&#8221; posts_number=&#8221;3&#8243; meta_date=&#8221;d M Y&#8221; use_manual_excerpt=&#8221;off&#8221; excerpt_length=&#8221;80&#8243; show_author=&#8221;off&#8221; show_categories=&#8221;off&#8221; show_pagination=&#8221;off&#8221; use_overlay=&#8221;on&#8221; hover_icon=&#8221;&#x55;||divi||400&#8243; _builder_version=&#8221;4.18.0&#8243; _module_preset=&#8221;default&#8221; header_font=&#8221;Poppins||||||||&#8221; header_text_color=&#8221;#8F0033&#8243; body_font=&#8221;Poppins|300|||||||&#8221; body_text_color=&#8221;#333333&#8243; border_width_all=&#8221;0px&#8221; global_colors_info=&#8221;{}&#8221;][\/et_pb_blog][\/et_pb_column][\/et_pb_row][\/et_pb_section]<\/p>\n","protected":false},"excerpt":{"rendered":"<p>Perds el temps a buscar la grand\u00e0ria d&#8217;una imatge cada vegada que publicar\u00e0s alguna cosa per a adaptar-la a una de les diferents xarxes socials? Est\u00e0s cansat de les actualitzacions de les grand\u00e0ries i no saps ja quin \u00e9s el correcte? A CoMsentido hem preparat una infografia amb totes les grand\u00e0ries per a poder-te ajudar [&hellip;]<\/p>\n","protected":false},"author":1,"featured_media":0,"parent":0,"menu_order":0,"comment_status":"closed","ping_status":"closed","template":"","meta":{"_et_pb_use_builder":"on","_et_pb_old_content":"","_et_gb_content_width":"","footnotes":""},"class_list":["post-7353","page","type-page","status-publish","hentry"],"aioseo_notices":[],"_links":{"self":[{"href":"https:\/\/comsentido.es\/ca\/wp-json\/wp\/v2\/pages\/7353","targetHints":{"allow":["GET"]}}],"collection":[{"href":"https:\/\/comsentido.es\/ca\/wp-json\/wp\/v2\/pages"}],"about":[{"href":"https:\/\/comsentido.es\/ca\/wp-json\/wp\/v2\/types\/page"}],"author":[{"embeddable":true,"href":"https:\/\/comsentido.es\/ca\/wp-json\/wp\/v2\/users\/1"}],"replies":[{"embeddable":true,"href":"https:\/\/comsentido.es\/ca\/wp-json\/wp\/v2\/comments?post=7353"}],"version-history":[{"count":0,"href":"https:\/\/comsentido.es\/ca\/wp-json\/wp\/v2\/pages\/7353\/revisions"}],"wp:attachment":[{"href":"https:\/\/comsentido.es\/ca\/wp-json\/wp\/v2\/media?parent=7353"}],"curies":[{"name":"wp","href":"https:\/\/api.w.org\/{rel}","templated":true}]}}