{"id":4233,"date":"2023-04-24T11:46:47","date_gmt":"2023-04-24T09:46:47","guid":{"rendered":"https:\/\/comsentido.es\/?page_id=4233"},"modified":"2024-12-12T09:48:33","modified_gmt":"2024-12-12T08:48:33","slug":"marqueting-digital","status":"publish","type":"page","link":"https:\/\/comsentido.es\/ca\/marqueting-digital\/","title":{"rendered":"M\u00c0RQUETING"},"content":{"rendered":"<p>[et_pb_section fb_built=&#8221;1&#8243; admin_label=&#8221;section&#8221; _builder_version=&#8221;4.18.0&#8243; background_image=&#8221;https:\/\/comsentido.es\/wp-content\/uploads\/2021\/05\/Cabeceras_coMsentido_web-9.png&#8221; custom_padding=&#8221;30px||30px||true|false&#8221; global_colors_info=&#8221;{}&#8221;][et_pb_row admin_label=&#8221;row&#8221; _builder_version=&#8221;4.16&#8243; background_size=&#8221;initial&#8221; background_position=&#8221;top_left&#8221; background_repeat=&#8221;repeat&#8221; global_colors_info=&#8221;{}&#8221;][et_pb_column type=&#8221;4_4&#8243; _builder_version=&#8221;4.16&#8243; custom_padding=&#8221;|||&#8221; global_colors_info=&#8221;{}&#8221; custom_padding__hover=&#8221;|||&#8221;][et_pb_text _builder_version=&#8221;4.18.0&#8243; _module_preset=&#8221;default&#8221; text_font=&#8221;Poppins||||||||&#8221; text_text_color=&#8221;#8f0033&#8243; text_font_size=&#8221;30px&#8221; header_text_color=&#8221;#FFFFFF&#8221; header_font_size=&#8221;40px&#8221; global_colors_info=&#8221;{}&#8221;]<\/p>\n<h1 aria-level=\"1\" style=\"text-align: center;\"><strong>M\u00c0RQUETING DIGITAL<\/strong><\/h1>\n<p>[\/et_pb_text][\/et_pb_column][\/et_pb_row][et_pb_row _builder_version=&#8221;4.18.0&#8243; _module_preset=&#8221;default&#8221; global_colors_info=&#8221;{}&#8221;][et_pb_column type=&#8221;4_4&#8243; _builder_version=&#8221;4.18.0&#8243; _module_preset=&#8221;default&#8221; global_colors_info=&#8221;{}&#8221;][et_pb_text _builder_version=&#8221;4.18.0&#8243; _module_preset=&#8221;default&#8221; text_font=&#8221;Poppins|300|||||||&#8221; text_text_color=&#8221;#0a6c7c&#8221; text_font_size=&#8221;19px&#8221; header_font=&#8221;Poppins||||||||&#8221; header_2_text_color=&#8221;#FFFFFF&#8221; header_2_font_size=&#8221;30px&#8221; header_3_font=&#8221;Poppins|300|||||||&#8221; header_3_text_color=&#8221;#E7E0D6&#8243; header_3_font_size=&#8221;24px&#8221; header_3_line_height=&#8221;1.2em&#8221; global_colors_info=&#8221;{}&#8221;]<\/p>\n<h2 style=\"text-align: center;\">Atreu nous clients i fes que s&#8217;enamorin de tu<\/h2>\n<h3 style=\"text-align: center;\"><span>Destaca entre la compet\u00e8ncia compartint el contingut adequat perqu\u00e8 el teu missatge brilli damunt la compet\u00e8ncia<\/span><\/h3>\n<p>&nbsp;<\/p>\n<p>[\/et_pb_text][\/et_pb_column][\/et_pb_row][\/et_pb_section][et_pb_section fb_built=&#8221;1&#8243; _builder_version=&#8221;4.18.0&#8243; _module_preset=&#8221;default&#8221; custom_padding=&#8221;36px||36px||true|false&#8221; global_colors_info=&#8221;{}&#8221;][et_pb_row _builder_version=&#8221;4.18.0&#8243; _module_preset=&#8221;default&#8221; global_colors_info=&#8221;{}&#8221;][et_pb_column type=&#8221;4_4&#8243; _builder_version=&#8221;4.18.0&#8243; _module_preset=&#8221;default&#8221; global_colors_info=&#8221;{}&#8221;][et_pb_text _builder_version=&#8221;4.18.0&#8243; _module_preset=&#8221;default&#8221; text_text_color=&#8221;#EE002F&#8221; text_font_size=&#8221;22px&#8221; header_2_text_color=&#8221;#EE002F&#8221; header_2_font_size=&#8221;28px&#8221; global_colors_info=&#8221;{}&#8221;]<\/p>\n<div class=\"traductor-textarea form-group\">\n<div class=\"textarea-desti col-xs-12 col-sm-6\">\n<h2 class=\"form-control second-textarea\" style=\"text-align: center;\">Una proposta diferent per a cada tipus de client \u00fanic<\/h2>\n<\/div>\n<\/div>\n<p>[\/et_pb_text][et_pb_text _builder_version=&#8221;4.18.0&#8243; _module_preset=&#8221;default&#8221; text_font=&#8221;|300|||||||&#8221; text_text_color=&#8221;#07294C&#8221; text_font_size=&#8221;20px&#8221; global_colors_info=&#8221;{}&#8221;]<\/p>\n<p style=\"text-align: center;\">Una de les caracter\u00edstiques que ens diferencia en CoMsentido \u00e9s que <strong>no ens agrada encasellar els nostres serveis i vendre-ho tot paquetitzat.<\/strong><\/p>\n<p style=\"text-align: center;\"><strong>Creiem que cada client \u00e9s diferent i que cada negoci necessita una proposta de m\u00e0rqueting \u00fanica i diferenciadora. <\/strong>No necessita el mateix una multinacional que un petit emprenedor o que un negoci de barri que vol digitalitzar-se.<\/p>\n<p style=\"text-align: center;\">A CoMsentido ho sabem.<\/p>\n<p style=\"text-align: center;\">Per aix\u00f2 volem <strong>acompanyar-te segons la teva marca i les teves necessitats per a oferir-te la millor opci\u00f3<\/strong> alhora que volem ajudar-te en tot el que necessitis <strong>perqu\u00e8 puguis delegar de veritat i estalvi\u00efs temps i diners<\/strong> a explicar-li a 10 ag\u00e8ncies de m\u00e0rqueting o freelaces diferents el que necessites.<\/p>\n<p style=\"text-align: center;\">Aix\u00f2 s\u00ed, hem volgut posar els nostres preus a la vista perqu\u00e8 puguis fer-te una idea de la <strong>inversi\u00f3 que necessites per a fer brillar la teva marca.<\/strong><\/p>\n<p>[\/et_pb_text][\/et_pb_column][\/et_pb_row][\/et_pb_section][et_pb_section fb_built=&#8221;1&#8243; _builder_version=&#8221;4.18.0&#8243; _module_preset=&#8221;default&#8221; background_color=&#8221;#E7E0D6&#8243; background_image=&#8221;https:\/\/comsentido.es\/wp-content\/uploads\/2021\/05\/RESTILING-WEB-COMSenTIDO-60.png&#8221; custom_padding=&#8221;29px||30px||false|false&#8221; global_colors_info=&#8221;{}&#8221;][et_pb_row _builder_version=&#8221;4.18.0&#8243; _module_preset=&#8221;default&#8221; global_colors_info=&#8221;{}&#8221;][et_pb_column type=&#8221;4_4&#8243; _builder_version=&#8221;4.18.0&#8243; _module_preset=&#8221;default&#8221; global_colors_info=&#8221;{}&#8221;][et_pb_text _builder_version=&#8221;4.18.0&#8243; _module_preset=&#8221;default&#8221; text_font=&#8221;Poppins||||||||&#8221; text_text_color=&#8221;#8F0033&#8243; text_font_size=&#8221;22px&#8221; header_2_font_size=&#8221;28px&#8221; header_2_line_height=&#8221;1.2em&#8221; global_colors_info=&#8221;{}&#8221;]<\/p>\n<h2 style=\"text-align: center;\">Els nostres serveis de M\u00e0rqueting Digital<\/h2>\n<p>[\/et_pb_text][\/et_pb_column][\/et_pb_row][et_pb_row column_structure=&#8221;1_2,1_2&#8243; _builder_version=&#8221;4.18.0&#8243; _module_preset=&#8221;default&#8221; global_colors_info=&#8221;{}&#8221;][et_pb_column type=&#8221;1_2&#8243; _builder_version=&#8221;4.18.0&#8243; _module_preset=&#8221;default&#8221; global_colors_info=&#8221;{}&#8221;][et_pb_text _builder_version=&#8221;4.18.0&#8243; _module_preset=&#8221;default&#8221; text_font=&#8221;|300|||||||&#8221; text_text_color=&#8221;#07294C&#8221; text_font_size=&#8221;16px&#8221; text_line_height=&#8221;1.9em&#8221; link_option_url=&#8221;https:\/\/comsentido.es\/assessories-mentories-i-formacions\/?lang=ca&#8221; link_option_url_new_window=&#8221;on&#8221; global_colors_info=&#8221;{}&#8221;]<\/p>\n<h2>Assessories, consultories, mentories i formacions<\/h2>\n<p><strong>T&#8217;acompanyem pas a pas per a aconseguir els teus objectius.<\/strong> Ens reunim de manera peri\u00f2dica o puntual per a resoldre els teus dubtes, formar-te i donar-li al teu negoci l&#8217;impuls que necessita.<\/p>\n<ul>\n<li><span><strong>Assessories estrat\u00e8giques de M\u00e0rqueting<\/strong> | 145\u202f\u20ac+IVA<\/span><\/li>\n<li><span><strong>Consultories de m\u00e0rqueting<\/strong> | 75\u202f\u20ac+IVA<\/span><\/li>\n<li><span><strong>Mentories\u00a0per a emprenedores<\/strong> | Des de 340\u202f\u20ac+IVA<\/span><\/li>\n<li><span><strong>Formacions a mesura\u00a0in\u00a0company<\/strong>\u00a0| Des de 75\u202f\u20ac+IVA<\/span><\/li>\n<\/ul>\n<p>[\/et_pb_text][et_pb_image src=&#8221;https:\/\/comsentido.es\/wp-content\/uploads\/2021\/05\/social-media-marketing-comsentido-commmunity-manager.png&#8221; _builder_version=&#8221;4.18.0&#8243; _module_preset=&#8221;default&#8221; global_colors_info=&#8221;{}&#8221;][\/et_pb_image][et_pb_text _builder_version=&#8221;4.18.0&#8243; _module_preset=&#8221;default&#8221; text_font=&#8221;|300|||||||&#8221; text_text_color=&#8221;#07294C&#8221; text_font_size=&#8221;16px&#8221; text_line_height=&#8221;1.9em&#8221; ul_line_height=&#8221;1.6em&#8221; global_colors_info=&#8221;{}&#8221;]<\/p>\n<h2>M\u00e0rqueting de Continguts<\/h2>\n<p><strong>Conquesta als teus clients aportant continguts de qualitat i feix que s&#8217;enamorin de tu.<\/strong> Crea el millor contingut per a la teva marca perqu\u00e8 et faci \u00fanic i et diferenci\u00ef de la resta dels teus competidors.<\/p>\n<ul>\n<li><span><strong>Disseny i creaci\u00f3 \u00e9s l&#8217;estrat\u00e8gia de M\u00e0rqueting de Continguts<\/strong> | Des de 320\u202f\u20ac+IVA<\/span><\/li>\n<li><span><strong>Planificaci\u00f3 i creaci\u00f3 de continguts<\/strong> | Des de 120\u202f\u20ac+IVA<br \/><\/span><\/li>\n<li>\n<div class=\"traductor-textarea form-group\">\n<div class=\"textarea-desti col-xs-12 col-sm-6\">\n<div class=\"form-control second-textarea\"><strong>Altres serveis de m\u00e0rqueting de continguts o\u00a0inbound\u00a0m\u00e0rqueting<\/strong><\/div>\n<\/div>\n<\/div>\n<div class=\"traductor-checkbox form-group\"><\/div>\n<\/li>\n<\/ul>\n<p>[\/et_pb_text][et_pb_image src=&#8221;https:\/\/comsentido.es\/wp-content\/uploads\/2021\/05\/email-marketing-comsentido-1.png&#8221; _builder_version=&#8221;4.18.0&#8243; _module_preset=&#8221;default&#8221; global_colors_info=&#8221;{}&#8221;][\/et_pb_image][et_pb_text _builder_version=&#8221;4.18.0&#8243; _module_preset=&#8221;default&#8221; text_font=&#8221;|300|||||||&#8221; text_text_color=&#8221;#07294C&#8221; text_font_size=&#8221;16px&#8221; text_line_height=&#8221;1.9em&#8221; ul_line_height=&#8221;1.6em&#8221; global_colors_info=&#8221;{}&#8221;]<\/p>\n<h2>Disseny de p\u00e0gines web i ecommerces<\/h2>\n<p><strong>Dissenyem la teva p\u00e0gina web o botiga en l\u00ednia a mesura.<\/strong> T&#8217;ajudem a crear el teu espai en l\u00ednia de manera professional per a guanyar visibilitat i atreure a potencials clients per a fer cr\u00e9ixer el teu negoci.<\/p>\n<ul>\n<li><span><strong>Dissenyo p\u00e0gines web<\/strong> | Des de 890\u202f\u20ac+IVA<\/span><\/li>\n<li><span><strong>Ecommerce\u00a0o botiga en l\u00ednia<\/strong> | Des de 1599\u202f\u20ac+IVA<br \/><\/span><\/li>\n<li><span><strong>One\u00a0Page<\/strong>\u00a0| Des de 570\u202f\u20ac+IVA<br \/><\/span><\/li>\n<li><span><strong>Disseny de\u00a0Landing\u00a0Page<\/strong>\u00a0| Des de 420\u202f\u20ac+IVA<br \/><\/span><\/li>\n<li><span><strong>P\u00e0gina d&#8217;enlla\u00e7os per al teu web<\/strong> | Des de 75\u202f\u20ac+IVA<br \/><\/span><\/li>\n<li><span><strong>Manteniment web o\u00a0ecommerce<\/strong>\u00a0| Des de 45\u202f\u20ac+IVA\/ mensual<br \/><\/span><\/li>\n<li>\n<div class=\"traductor-textarea form-group\">\n<div class=\"textarea-desti col-xs-12 col-sm-6\">\n<div class=\"form-control second-textarea\"><strong>Redacci\u00f3 de textos o\u00a0webcopywriting<\/strong><span>\u00a0<\/span>| Des de 245\u202f\u20ac+IVA<\/div>\n<\/div>\n<\/div>\n<div class=\"traductor-checkbox form-group\"><\/div>\n<\/li>\n<\/ul>\n<p>[\/et_pb_text][\/et_pb_column][et_pb_column type=&#8221;1_2&#8243; _builder_version=&#8221;4.18.0&#8243; _module_preset=&#8221;default&#8221; global_colors_info=&#8221;{}&#8221;][et_pb_image src=&#8221;https:\/\/comsentido.es\/wp-content\/uploads\/2021\/05\/mentoria-empre4ndedores-CoMsentido.png&#8221; _builder_version=&#8221;4.18.0&#8243; _module_preset=&#8221;default&#8221; global_colors_info=&#8221;{}&#8221;][\/et_pb_image][et_pb_text _builder_version=&#8221;4.18.0&#8243; _module_preset=&#8221;default&#8221; text_font=&#8221;|300|||||||&#8221; text_text_color=&#8221;#07294C&#8221; text_font_size=&#8221;16px&#8221; text_line_height=&#8221;1.9em&#8221; ul_line_height=&#8221;1.6em&#8221; link_option_url=&#8221;https:\/\/comsentido.es\/social-media-marqueting\/?lang=ca&#8221; link_option_url_new_window=&#8221;on&#8221; global_colors_info=&#8221;{}&#8221;]<\/p>\n<h2>Social Media M\u00e0rqueting<\/h2>\n<p><strong>Atreu nous clients i fidelitza&#8217;ls a trav\u00e9s de les teves xarxes socials.<\/strong> T&#8217;ajudem al fet que les teves xarxes socials tinguin contingut de qualitat i causin impacte. I perqu\u00e8 les teves publicacions peri\u00f2diques t&#8217;ajudin a aconseguir seguidors fidels enamorats de la teva marca o negoci.<\/p>\n<ul>\n<li><strong>Auditoria Mitj\u00e0 social + estrat\u00e8gia\u00a0Xarxes Socials<\/strong><span>\u00a0| 210\u202f\u20ac+IVA<\/span><\/li>\n<li><span><strong>Gesti\u00f3 Xarxes Socials o\u00a0Community\u00a0Manager<\/strong>\u00a0| Des de 350\u202f\u20ac+IVA<\/span><\/li>\n<li><span><strong>Creaci\u00f3 de contingut per a\u00a0RRSS<\/strong>\u00a0| Des de 220\u202f\u20ac+IVA<\/span><\/li>\n<li><span><strong>Campanyes de Social\u00a0Ads\u00a0o publicitat en l\u00ednia per a Xarxes Socials<\/strong> | Des de 410\u202f\u20ac+IVA<br \/><\/span><\/li>\n<li>\n<div class=\"traductor-textarea form-group\">\n<div class=\"textarea-desti col-xs-12 col-sm-6\">\n<div class=\"form-control second-textarea\"><strong>M\u00e0rqueting de\u00a0Influencers<\/strong><span>\u00a0<\/span>| Des de 320\u202f\u20ac+IVA<\/div>\n<\/div>\n<\/div>\n<div class=\"traductor-checkbox form-group\"><\/div>\n<\/li>\n<\/ul>\n<p>[\/et_pb_text][et_pb_image src=&#8221;https:\/\/comsentido.es\/wp-content\/uploads\/2021\/05\/consultoria-marketing-CoMsentido.png&#8221; _builder_version=&#8221;4.18.0&#8243; _module_preset=&#8221;default&#8221; global_colors_info=&#8221;{}&#8221;][\/et_pb_image][et_pb_text _builder_version=&#8221;4.18.0&#8243; _module_preset=&#8221;default&#8221; text_font=&#8221;|300|||||||&#8221; text_text_color=&#8221;#07294C&#8221; text_font_size=&#8221;16px&#8221; text_line_height=&#8221;1.9em&#8221; ul_line_height=&#8221;1.6em&#8221; global_colors_info=&#8221;{}&#8221;]<\/p>\n<h2>Email M\u00e0rqueting i automatitzacions<\/h2>\n<p><strong>Captar leads amb missatges que transmetin.<\/strong> Crea campanyes d&#8217;e-mail m\u00e0rqueting que contin hist\u00f2ries per a generar confian\u00e7a amb potencials clients perqu\u00e8 et comprin per primera vegada i aconsegueix fidelitzar-los.<\/p>\n<ul>\n<li><strong>Email m\u00e0rqueting per a\u00a0ecommerces<\/strong><span> | Des de 135\u202f\u20ac+IVA<\/span><\/li>\n<li><span><strong>Captaci\u00f3 de\u00a0leads\u00a0i creaci\u00f3 de\u00a0leads\u00a0magnets<\/strong> | Des de 370\u202f\u20ac+IVA<br \/><\/span><\/li>\n<li>\n<div class=\"traductor-textarea form-group\">\n<div class=\"textarea-desti col-xs-12 col-sm-6\">\n<div class=\"form-control second-textarea\"><strong>Disseny, programaci\u00f3 i enviament de\u00a0newsletters<\/strong><span>\u00a0<\/span>| Des de 55\u202f\u20ac+IVA<\/div>\n<\/div>\n<\/div>\n<div class=\"traductor-checkbox form-group\"><\/div>\n<\/li>\n<\/ul>\n<p>[\/et_pb_text][et_pb_image src=&#8221;https:\/\/comsentido.es\/wp-content\/uploads\/2021\/05\/pagina-web-comsentido.png&#8221; _builder_version=&#8221;4.18.0&#8243; _module_preset=&#8221;default&#8221; global_colors_info=&#8221;{}&#8221;][\/et_pb_image][\/et_pb_column][\/et_pb_row][\/et_pb_section][et_pb_section fb_built=&#8221;1&#8243; _builder_version=&#8221;4.18.0&#8243; _module_preset=&#8221;default&#8221; background_color=&#8221;#DEAB8C&#8221; background_image=&#8221;https:\/\/comsentido.es\/wp-content\/uploads\/2021\/05\/COMSENTIDO-WEB-09-1.png&#8221; background_size=&#8221;contain&#8221; background_position=&#8221;center_left&#8221; background_blend=&#8221;color-dodge&#8221; global_colors_info=&#8221;{}&#8221;][et_pb_row column_structure=&#8221;1_2,1_2&#8243; _builder_version=&#8221;4.18.0&#8243; _module_preset=&#8221;default&#8221; global_colors_info=&#8221;{}&#8221;][et_pb_column type=&#8221;1_2&#8243; _builder_version=&#8221;4.18.0&#8243; _module_preset=&#8221;default&#8221; global_colors_info=&#8221;{}&#8221;][et_pb_text _builder_version=&#8221;4.23.1&#8243; _module_preset=&#8221;default&#8221; text_font_size=&#8221;20px&#8221; header_font_size=&#8221;32px&#8221; header_2_text_color=&#8221;#FFFFFF&#8221; header_2_font_size=&#8221;30px&#8221; header_2_line_height=&#8221;1.2em&#8221; hover_enabled=&#8221;0&#8243; global_colors_info=&#8221;{}&#8221; sticky_enabled=&#8221;0&#8243;]<\/p>\n<h2><strong>No tens clar qu\u00e8 \u00e9s el que necessites?<\/strong><\/h2>\n<p>Contacta amb nosaltres i t&#8217;ajudem a decidir-te.<\/p>\n<p>Escriu-nos a <a href=\"mailto:marta@comsentido.es\">marta@comsentido.es<\/a> o reserva una primera assessoria gratu\u00efta amb nosaltres.<\/p>\n<p>[\/et_pb_text][\/et_pb_column][et_pb_column type=&#8221;1_2&#8243; _builder_version=&#8221;4.18.0&#8243; _module_preset=&#8221;default&#8221; global_colors_info=&#8221;{}&#8221;][et_pb_code _builder_version=&#8221;4.23.1&#8243; _module_preset=&#8221;default&#8221; hover_enabled=&#8221;0&#8243; global_colors_info=&#8221;{}&#8221; sticky_enabled=&#8221;0&#8243;]<\/p>\n<div class=\"tidycal-embed\" data-path=\"comsentido\/assessoria-gratuita\"><\/div>\n<p><script src=\"https:\/\/asset-tidycal.b-cdn.net\/js\/embed.js\" async><\/script>[\/et_pb_code][\/et_pb_column][\/et_pb_row][\/et_pb_section]<\/p>\n","protected":false},"excerpt":{"rendered":"<p>M\u00c0RQUETING DIGITALAtreu nous clients i fes que s&#8217;enamorin de tu Destaca entre la compet\u00e8ncia compartint el contingut adequat perqu\u00e8 el teu missatge brilli damunt la compet\u00e8ncia &nbsp; Una proposta diferent per a cada tipus de client \u00fanic Una de les caracter\u00edstiques que ens diferencia en CoMsentido \u00e9s que no ens agrada encasellar els nostres serveis [&hellip;]<\/p>\n","protected":false},"author":1,"featured_media":0,"parent":0,"menu_order":0,"comment_status":"closed","ping_status":"closed","template":"","meta":{"_et_pb_use_builder":"on","_et_pb_old_content":"","_et_gb_content_width":"","footnotes":""},"class_list":["post-4233","page","type-page","status-publish","hentry"],"aioseo_notices":[],"_links":{"self":[{"href":"https:\/\/comsentido.es\/ca\/wp-json\/wp\/v2\/pages\/4233","targetHints":{"allow":["GET"]}}],"collection":[{"href":"https:\/\/comsentido.es\/ca\/wp-json\/wp\/v2\/pages"}],"about":[{"href":"https:\/\/comsentido.es\/ca\/wp-json\/wp\/v2\/types\/page"}],"author":[{"embeddable":true,"href":"https:\/\/comsentido.es\/ca\/wp-json\/wp\/v2\/users\/1"}],"replies":[{"embeddable":true,"href":"https:\/\/comsentido.es\/ca\/wp-json\/wp\/v2\/comments?post=4233"}],"version-history":[{"count":0,"href":"https:\/\/comsentido.es\/ca\/wp-json\/wp\/v2\/pages\/4233\/revisions"}],"wp:attachment":[{"href":"https:\/\/comsentido.es\/ca\/wp-json\/wp\/v2\/media?parent=4233"}],"curies":[{"name":"wp","href":"https:\/\/api.w.org\/{rel}","templated":true}]}}