{"id":3841,"date":"2021-05-18T10:58:22","date_gmt":"2021-05-18T08:58:22","guid":{"rendered":"https:\/\/comsentido.es\/?page_id=3841"},"modified":"2024-12-12T09:43:51","modified_gmt":"2024-12-12T08:43:51","slug":"comunicacio","status":"publish","type":"page","link":"https:\/\/comsentido.es\/ca\/comunicacio\/","title":{"rendered":"COMUNICACI\u00d3"},"content":{"rendered":"<p>[et_pb_section fb_built=&#8221;1&#8243; _builder_version=&#8221;4.16&#8243; _module_preset=&#8221;default&#8221; background_image=&#8221;https:\/\/comsentido.es\/wp-content\/uploads\/2021\/05\/WEB-BANNER-MARKETING2_Mesa-de-trabajo-1-copia-14.png&#8221; custom_margin=&#8221;||-10px|||&#8221; custom_padding=&#8221;14px||14px||true|&#8221; global_colors_info=&#8221;{}&#8221;][et_pb_row _builder_version=&#8221;4.16&#8243; _module_preset=&#8221;default&#8221; custom_padding=&#8221;||5px|||&#8221; global_colors_info=&#8221;{}&#8221;][et_pb_column type=&#8221;4_4&#8243; _builder_version=&#8221;4.16&#8243; _module_preset=&#8221;default&#8221; global_colors_info=&#8221;{}&#8221;][et_pb_text _builder_version=&#8221;4.16&#8243; _module_preset=&#8221;default&#8221; text_font=&#8221;Poppins||||||||&#8221; text_text_color=&#8221;#8F0033&#8243; text_font_size=&#8221;30px&#8221; header_font_size=&#8221;40px&#8221; custom_padding=&#8221;21px|||||&#8221; header_font_size_tablet=&#8221;&#8221; header_font_size_phone=&#8221;32px&#8221; header_font_size_last_edited=&#8221;on|phone&#8221; global_colors_info=&#8221;{}&#8221;]<\/p>\n<h1 aria-level=\"1\" style=\"text-align: center;\"><strong>Comunicaci\u00f3 i premsa<\/strong><\/h1>\n<p>[\/et_pb_text][\/et_pb_column][\/et_pb_row][et_pb_row _builder_version=&#8221;4.16&#8243; _module_preset=&#8221;default&#8221; custom_margin=&#8221;-2px|auto|19px|auto||&#8221; custom_padding=&#8221;12px||11px|||&#8221; global_colors_info=&#8221;{}&#8221;][et_pb_column type=&#8221;4_4&#8243; _builder_version=&#8221;4.16&#8243; _module_preset=&#8221;default&#8221; global_colors_info=&#8221;{}&#8221;][et_pb_text _builder_version=&#8221;4.18.0&#8243; _module_preset=&#8221;default&#8221; text_font=&#8221;Poppins|300|||||||&#8221; text_text_color=&#8221;#0A6C7C&#8221; text_font_size=&#8221;19px&#8221; text_line_height=&#8221;1.4em&#8221; header_font=&#8221;Poppins||||||||&#8221; header_2_text_color=&#8221;#07294C&#8221; header_2_font_size=&#8221;30px&#8221; header_3_font=&#8221;Poppins|300|||||||&#8221; header_3_text_color=&#8221;#07294C&#8221; header_3_font_size=&#8221;24px&#8221; header_3_line_height=&#8221;1.2em&#8221; custom_margin=&#8221;12px|||||&#8221; global_colors_info=&#8221;{}&#8221;]<\/p>\n<h2 style=\"text-align: center;\">Fes la teva marca visible i comparteix els teus missatges!<\/h2>\n<h3 style=\"text-align: center;\">Fem que el teu negoci aparegui en mitjans de comunicaci\u00f3 amb la creaci\u00f3 de campanyes de comunicaci\u00f3 i premsa.<\/h3>\n<p>[\/et_pb_text][\/et_pb_column][\/et_pb_row][\/et_pb_section][et_pb_section fb_built=&#8221;1&#8243; _builder_version=&#8221;4.16&#8243; _module_preset=&#8221;default&#8221; background_color=&#8221;#E7E0D6&#8243; custom_padding=&#8221;12px||12px||true|&#8221; global_colors_info=&#8221;{}&#8221;][et_pb_row column_structure=&#8221;3_5,2_5&#8243; _builder_version=&#8221;4.16&#8243; _module_preset=&#8221;default&#8221; custom_padding=&#8221;3px||3px|||&#8221; global_colors_info=&#8221;{}&#8221;][et_pb_column type=&#8221;3_5&#8243; _builder_version=&#8221;4.16&#8243; _module_preset=&#8221;default&#8221; global_colors_info=&#8221;{}&#8221;][et_pb_text _builder_version=&#8221;4.18.0&#8243; _module_preset=&#8221;default&#8221; text_font=&#8221;|300|||||||&#8221; text_text_color=&#8221;#07294C&#8221; text_font_size=&#8221;20px&#8221; custom_margin=&#8221;||-20px|||&#8221; custom_padding=&#8221;19px||0px|||&#8221; global_colors_info=&#8221;{}&#8221;]<\/p>\n<p>Sabem que, per a una PIME, o per a un emprenedor o emprenedora, <strong>sortir als mitjans de comunicaci\u00f3 \u00e9s molt dif\u00edcil<\/strong>, o gaireb\u00e9 impossible! Especialment, quan no ets un professional de la comunicaci\u00f3 o no comptes amb un responsable del teu equip que ho sigui i pugui ajudar-te amb aquesta tasca.<\/p>\n<p><strong>En CoMsentido t&#8217;oferim un servei a mesura de comunicaci\u00f3 i premsa que t&#8217;ajudar\u00e0 a planificar i aconseguir els objectius<\/strong> que et proposis, sigui apar\u00e8ixer en mitjans locals, o treballar una campanya amb mitjans del sector.<\/p>\n<p>[\/et_pb_text][\/et_pb_column][et_pb_column type=&#8221;2_5&#8243; _builder_version=&#8221;4.16&#8243; _module_preset=&#8221;default&#8221; global_colors_info=&#8221;{}&#8221;][et_pb_image src=&#8221;https:\/\/comsentido.es\/wp-content\/uploads\/2021\/05\/ICONO-62.png&#8221; title_text=&#8221;ICONO-62&#8243; _builder_version=&#8221;4.16&#8243; _module_preset=&#8221;default&#8221; custom_padding=&#8221;||0px|||&#8221; global_colors_info=&#8221;{}&#8221;][\/et_pb_image][\/et_pb_column][\/et_pb_row][et_pb_row _builder_version=&#8221;4.16&#8243; _module_preset=&#8221;default&#8221; custom_padding=&#8221;0px|||||&#8221; global_colors_info=&#8221;{}&#8221;][et_pb_column type=&#8221;4_4&#8243; _builder_version=&#8221;4.16&#8243; _module_preset=&#8221;default&#8221; global_colors_info=&#8221;{}&#8221;][et_pb_text _builder_version=&#8221;4.18.0&#8243; _module_preset=&#8221;default&#8221; text_font=&#8221;|300|||||||&#8221; text_text_color=&#8221;#07294C&#8221; text_font_size=&#8221;20px&#8221; custom_margin=&#8221;-1px|||||&#8221; custom_padding=&#8221;5px|||||&#8221; global_colors_info=&#8221;{}&#8221;]<\/p>\n<p>En la nostra ag\u00e8ncia de m\u00e0rqueting i comunicaci\u00f3 <strong>t&#8217;ajudem amb la comunicaci\u00f3 amb mitjans i periodistes<\/strong>, creem BBDD adaptades al teu n\u00ednxol, redactem les notes de premsa, comunicats i reportatges que necessitis i, la difonem en els mitjans acordats.<\/p>\n<p>I per descomptat, <strong>treballem amb mitjans de comunicaci\u00f3, per\u00f2 tamb\u00e9 amb bloguers o influencers<\/strong> que puguin ajudar a donar visibilitat a la teva marca i arribar d&#8217;una manera m\u00e9s pr\u00f2xima al teu potencial client.<\/p>\n<p>I tot aix\u00f2, ho realitzem sempre<strong> sense perdre de vista els objectius del teu negoci<\/strong> per a apar\u00e8ixer en els mitjans de comunicaci\u00f3.<\/p>\n<p>&nbsp;<\/p>\n<p>[\/et_pb_text][\/et_pb_column][\/et_pb_row][\/et_pb_section][et_pb_section fb_built=&#8221;1&#8243; _builder_version=&#8221;4.16&#8243; _module_preset=&#8221;default&#8221; background_color=&#8221;#FFFFFF&#8221; background_image=&#8221;https:\/\/comsentido.es\/wp-content\/uploads\/2021\/05\/RESTILING-WEB-COMSenTIDO-60.png&#8221; custom_padding=&#8221;||43px|||&#8221; global_colors_info=&#8221;{}&#8221;][et_pb_row _builder_version=&#8221;4.16&#8243; _module_preset=&#8221;default&#8221; global_colors_info=&#8221;{}&#8221;][et_pb_column type=&#8221;4_4&#8243; _builder_version=&#8221;4.16&#8243; _module_preset=&#8221;default&#8221; global_colors_info=&#8221;{}&#8221;][et_pb_text _builder_version=&#8221;4.18.0&#8243; _module_preset=&#8221;default&#8221; text_font=&#8221;Poppins||||||||&#8221; text_text_color=&#8221;#8F0033&#8243; text_font_size=&#8221;22px&#8221; header_2_font_size=&#8221;28px&#8221; header_2_line_height=&#8221;1.2em&#8221; global_colors_info=&#8221;{}&#8221;]<\/p>\n<h2 style=\"text-align: center;\"><strong>Explica&#8217;m, t&#8217;identifiques amb alguna d&#8217;aquestes preguntes?<\/strong><\/h2>\n<p>[\/et_pb_text][\/et_pb_column][\/et_pb_row][et_pb_row column_structure=&#8221;1_2,1_2&#8243; _builder_version=&#8221;4.16&#8243; _module_preset=&#8221;default&#8221; custom_padding=&#8221;20px|||||&#8221; global_colors_info=&#8221;{}&#8221;][et_pb_column type=&#8221;1_2&#8243; _builder_version=&#8221;4.16&#8243; _module_preset=&#8221;default&#8221; global_colors_info=&#8221;{}&#8221;][et_pb_text _builder_version=&#8221;4.18.0&#8243; _module_preset=&#8221;default&#8221; text_font=&#8221;Poppins|300|||||||&#8221; text_font_size=&#8221;16px&#8221; global_colors_info=&#8221;{}&#8221;]<\/p>\n<ul>\n<li data-leveltext=\"\u25cf\" data-font=\"Noto Sans Symbols\" data-listid=\"10\" aria-setsize=\"-1\" data-aria-posinset=\"1\" data-aria-level=\"1\">Vols apar\u00e8ixer en els mitjans de comunicaci\u00f3 i no saps com?<\/li>\n<li data-leveltext=\"\u25cf\" data-font=\"Noto Sans Symbols\" data-listid=\"10\" aria-setsize=\"-1\" data-aria-posinset=\"1\" data-aria-level=\"1\">T&#8217;agradaria comunicar quin \u00e9s el nou client que has aconseguit?<\/li>\n<li data-leveltext=\"\u25cf\" data-font=\"Noto Sans Symbols\" data-listid=\"10\" aria-setsize=\"-1\" data-aria-posinset=\"1\" data-aria-level=\"1\">Vols millorar la teva reputaci\u00f3 en l\u00ednia i fora de l\u00ednia?<\/li>\n<\/ul>\n<p>[\/et_pb_text][\/et_pb_column][et_pb_column type=&#8221;1_2&#8243; _builder_version=&#8221;4.16&#8243; _module_preset=&#8221;default&#8221; global_colors_info=&#8221;{}&#8221;][et_pb_text _builder_version=&#8221;4.18.0&#8243; _module_preset=&#8221;default&#8221; text_font=&#8221;|300|||||||&#8221; text_font_size=&#8221;16px&#8221; global_colors_info=&#8221;{}&#8221;]<\/p>\n<ul>\n<li data-leveltext=\"\u25cf\" data-font=\"Noto Sans Symbols\" data-listid=\"10\" aria-setsize=\"-1\" data-aria-posinset=\"3\" data-aria-level=\"1\">No saps com contactar amb mitjans de comunicaci\u00f3?<\/li>\n<li>Vols redactar una nota de premsa, per\u00f2 mai ho has fet?<\/li>\n<li>Vols aconseguir major visibilitat de marca gr\u00e0cies als mitjans de comunicaci\u00f3?<\/li>\n<\/ul>\n<p>[\/et_pb_text][\/et_pb_column][\/et_pb_row][et_pb_row _builder_version=&#8221;4.16&#8243; _module_preset=&#8221;default&#8221; global_colors_info=&#8221;{}&#8221;][et_pb_column type=&#8221;4_4&#8243; _builder_version=&#8221;4.16&#8243; _module_preset=&#8221;default&#8221; global_colors_info=&#8221;{}&#8221;][et_pb_text _builder_version=&#8221;4.18.0&#8243; _module_preset=&#8221;default&#8221; text_text_color=&#8221;#0A6C7C&#8221; text_font_size=&#8221;20px&#8221; custom_margin=&#8221;||-4px|||&#8221; global_colors_info=&#8221;{}&#8221;]<\/p>\n<p style=\"text-align: center;\">Si alguna de les respostes a aquestes preguntes \u00e9s s\u00ed, podem ajudar-te.<\/p>\n<p>[\/et_pb_text][\/et_pb_column][\/et_pb_row][et_pb_row column_structure=&#8221;2_3,1_3&#8243; _builder_version=&#8221;4.16&#8243; _module_preset=&#8221;default&#8221; custom_padding=&#8221;||9px|||&#8221; global_colors_info=&#8221;{}&#8221;][et_pb_column type=&#8221;2_3&#8243; _builder_version=&#8221;4.16&#8243; _module_preset=&#8221;default&#8221; global_colors_info=&#8221;{}&#8221;][et_pb_text _builder_version=&#8221;4.18.0&#8243; _module_preset=&#8221;default&#8221; text_font=&#8221;Poppins|300|||||||&#8221; text_font_size=&#8221;16px&#8221; header_2_font_size=&#8221;28px&#8221; global_colors_info=&#8221;{}&#8221;]<\/p>\n<h2><strong>Qu\u00e8 t&#8217;aportar\u00e0 apar\u00e8ixer en els mitjans de comunicaci\u00f3?<\/strong><\/h2>\n<ul>\n<li>Donar a con\u00e8ixer la teva marca o empresa, els teus productes o serveis.<\/li>\n<li>Aconseguir una major notorietat de marca.<\/li>\n<li>Difondre els missatges de la teva companyia.<\/li>\n<li>Arribar a m\u00e9s potencials clients.<\/li>\n<li>Millorar la teva visibilitat en la teva zona geogr\u00e0fica o en el teu sector (o en tots dos).<\/li>\n<li>Obtenir un major nombre d&#8217;enlla\u00e7os cap a la teva p\u00e0gina web.<\/li>\n<li>Augmentar la confian\u00e7a dels teus potencials clients cap a la teva marca.<\/li>\n<li>Continuar creixent!<\/li>\n<\/ul>\n<p>[\/et_pb_text][\/et_pb_column][et_pb_column type=&#8221;1_3&#8243; _builder_version=&#8221;4.16&#8243; _module_preset=&#8221;default&#8221; global_colors_info=&#8221;{}&#8221;][et_pb_image src=&#8221;https:\/\/comsentido.es\/wp-content\/uploads\/2021\/05\/ICON-63.png&#8221; title_text=&#8221;ICON-63&#8243; _builder_version=&#8221;4.16&#8243; _module_preset=&#8221;default&#8221; global_colors_info=&#8221;{}&#8221;][\/et_pb_image][\/et_pb_column][\/et_pb_row][\/et_pb_section][et_pb_section fb_built=&#8221;1&#8243; _builder_version=&#8221;4.16&#8243; _module_preset=&#8221;default&#8221; background_color=&#8221;#E7E0D6&#8243; background_image=&#8221;https:\/\/comsentido.es\/wp-content\/uploads\/2021\/05\/RESTILING-WEB-COMSenTIDO-60.png&#8221; custom_padding=&#8221;29px||30px|||&#8221; global_colors_info=&#8221;{}&#8221;][et_pb_row _builder_version=&#8221;4.16&#8243; _module_preset=&#8221;default&#8221; global_colors_info=&#8221;{}&#8221;][et_pb_column type=&#8221;4_4&#8243; _builder_version=&#8221;4.16&#8243; _module_preset=&#8221;default&#8221; global_colors_info=&#8221;{}&#8221;][et_pb_text _builder_version=&#8221;4.18.0&#8243; _module_preset=&#8221;default&#8221; text_font=&#8221;Poppins||||||||&#8221; text_text_color=&#8221;#8F0033&#8243; text_font_size=&#8221;22px&#8221; header_2_font_size=&#8221;28px&#8221; header_2_line_height=&#8221;1.2em&#8221; global_colors_info=&#8221;{}&#8221;]<\/p>\n<h2 style=\"text-align: center;\"><strong>Com treballem la teva campanya de premsa?<\/strong><\/h2>\n<p>[\/et_pb_text][\/et_pb_column][\/et_pb_row][et_pb_row column_structure=&#8221;1_3,1_3,1_3&#8243; _builder_version=&#8221;4.16&#8243; _module_preset=&#8221;default&#8221; custom_padding=&#8221;||20px|||&#8221; global_colors_info=&#8221;{}&#8221;][et_pb_column type=&#8221;1_3&#8243; _builder_version=&#8221;4.16&#8243; _module_preset=&#8221;default&#8221; global_colors_info=&#8221;{}&#8221;][et_pb_text _builder_version=&#8221;4.18.0&#8243; _module_preset=&#8221;default&#8221; text_font=&#8221;|300|||||||&#8221; text_text_color=&#8221;#07294C&#8221; text_font_size=&#8221;16px&#8221; custom_margin=&#8221;||3px|||&#8221; global_colors_info=&#8221;{}&#8221;]<\/p>\n<ol>\n<li>El primer pas \u00e9s <strong>realitzar una consultoria perqu\u00e8 ens parlis sobre la teva companyia,<\/strong> quins s\u00f3n els teus missatges, els teus valors i qu\u00e8 vols aconseguir amb un pla o una campanya de comunicaci\u00f3 i premsa. Tamb\u00e9 comentarem si vols una campanya puntual o una estrat\u00e8gia a mitj\u00e0 o llarg termini.<\/li>\n<\/ol>\n<p>[\/et_pb_text][et_pb_image src=&#8221;https:\/\/comsentido.es\/wp-content\/uploads\/2021\/05\/Comsentido-elementos-05.png&#8221; title_text=&#8221;Comsentido-elementos-05&#8243; align=&#8221;center&#8221; _builder_version=&#8221;4.16&#8243; _module_preset=&#8221;default&#8221; width=&#8221;48%&#8221; custom_margin=&#8221;||0px|||&#8221; custom_padding=&#8221;0px|||||&#8221; global_colors_info=&#8221;{}&#8221;][\/et_pb_image][et_pb_text _builder_version=&#8221;4.18.0&#8243; _module_preset=&#8221;default&#8221; text_font=&#8221;|300|||||||&#8221; text_text_color=&#8221;#07294C&#8221; text_font_size=&#8221;16px&#8221; custom_margin=&#8221;5px|||||&#8221; global_colors_info=&#8221;{}&#8221;]<\/p>\n<p>2. El segon pas, ser\u00e0 <strong>fixar els objectius.<\/strong> Aquests seran diferents en funci\u00f3 de si es tracta d&#8217;una campanya ocasional o d&#8217;un pla a mitj\u00e0 o llarg termini. Plantejarem uns objectius que siguin realistes i que s&#8217;adaptin al m\u00e0xim al teu negoci i al que esperes aconseguir amb CoMsentido.<\/p>\n<p>[\/et_pb_text][\/et_pb_column][et_pb_column type=&#8221;1_3&#8243; _builder_version=&#8221;4.16&#8243; _module_preset=&#8221;default&#8221; global_colors_info=&#8221;{}&#8221;][et_pb_text _builder_version=&#8221;4.18.0&#8243; _module_preset=&#8221;default&#8221; text_font=&#8221;|300|||||||&#8221; text_text_color=&#8221;#07294C&#8221; text_font_size=&#8221;16px&#8221; global_colors_info=&#8221;{}&#8221;]<\/p>\n<p>3. Una vegada clars els objectius, proposarem una <strong>estrat\u00e8gia personalitzada<\/strong> en la qual veurem aspectes m\u00e9s concrets sobre el que realitzarem perqu\u00e8 el teu negoci sigui m\u00e9s visible. Definirem els missatges, els canals, el to, el p\u00fablic al qual ens dirigim\u2026 Et mantindrem informat de totes les accions en tot moment.<\/p>\n<p>[\/et_pb_text][et_pb_text _builder_version=&#8221;4.18.0&#8243; _module_preset=&#8221;default&#8221; text_font=&#8221;|300|||||||&#8221; text_text_color=&#8221;#07294C&#8221; text_font_size=&#8221;16px&#8221; global_colors_info=&#8221;{}&#8221;]<\/p>\n<p>4. Som-hi! Durem a terme totes les <strong>accions guiades sota l&#8217;estrat\u00e8gia acordada<\/strong> i per a aconseguir tots els objectius plantejats. Quines accions podem implementar? Redacci\u00f3 i difusi\u00f3 de notes de premsa o comunicats, parlar amb mitjans de comunicaci\u00f3, reportatges o publireportatges sobre el teu negoci, articles patrocinats\u2026<\/p>\n<p>[\/et_pb_text][et_pb_text _builder_version=&#8221;4.18.0&#8243; _module_preset=&#8221;default&#8221; text_font=&#8221;Poppins||||||||&#8221; text_text_color=&#8221;#8F0033&#8243; text_font_size=&#8221;22px&#8221; header_2_text_color=&#8221;#0A6C7C&#8221; header_2_font_size=&#8221;28px&#8221; header_2_line_height=&#8221;1.2em&#8221; global_colors_info=&#8221;{}&#8221;]<\/p>\n<h2 style=\"text-align: center;\"><em>El que no es comunica, no existeix<\/em><\/h2>\n<p>[\/et_pb_text][\/et_pb_column][et_pb_column type=&#8221;1_3&#8243; _builder_version=&#8221;4.16&#8243; _module_preset=&#8221;default&#8221; global_colors_info=&#8221;{}&#8221;][et_pb_text _builder_version=&#8221;4.18.0&#8243; _module_preset=&#8221;default&#8221; text_font=&#8221;|300|||||||&#8221; text_text_color=&#8221;#07294C&#8221; text_font_size=&#8221;16px&#8221; global_colors_info=&#8221;{}&#8221;]<\/p>\n<p><span data-contrast=\"none\">5. <strong>Buscarem els mitjans de comunicaci\u00f3, blogs o fins i tot influencers m\u00e9s concordes amb la teva marca<\/strong>, sector i amb els objectius del teu negoci en cadascuna de les campanyes de comunicaci\u00f3. <\/span><\/p>\n<p>[\/et_pb_text][et_pb_text _builder_version=&#8221;4.18.0&#8243; _module_preset=&#8221;default&#8221; text_font=&#8221;|300|||||||&#8221; text_text_color=&#8221;#07294C&#8221; text_font_size=&#8221;16px&#8221; global_colors_info=&#8221;{}&#8221;]<\/p>\n<p>6. Efectuarem els <strong>enviaments pertinents<\/strong>, parlarem amb els periodistes idonis, divulgarem la teva not\u00edcia en p\u00e0gines especialitzades\u2026 i aconseguirem que la teva marca surti en els mitjans. I, per descomptat, t&#8217;anirem informant de cada pas!<\/p>\n<p>[\/et_pb_text][et_pb_text _builder_version=&#8221;4.18.0&#8243; _module_preset=&#8221;default&#8221; text_font=&#8221;|300|||||||&#8221; text_text_color=&#8221;#07294C&#8221; text_font_size=&#8221;16px&#8221; global_colors_info=&#8221;{}&#8221;]<\/p>\n<p>7. Per a acabar, realitzarem un <strong>informe de resultats i un <em>clipping<\/em> de premsa<\/strong> en el qual et mostrarem en tots els mitjans de comunicaci\u00f3 en els quals has tingut pres\u00e8ncia, els impactes que has tingut, com ha millorat la teva imatge de marca i reputaci\u00f3\u2026 I et sorprendr\u00e0s!<\/p>\n<p>[\/et_pb_text][\/et_pb_column][\/et_pb_row][\/et_pb_section][et_pb_section fb_built=&#8221;1&#8243; _builder_version=&#8221;4.16&#8243; _module_preset=&#8221;default&#8221; custom_padding=&#8221;28px||28px||true|&#8221; global_colors_info=&#8221;{}&#8221;][et_pb_row _builder_version=&#8221;4.16&#8243; _module_preset=&#8221;default&#8221; global_colors_info=&#8221;{}&#8221;][et_pb_column type=&#8221;4_4&#8243; _builder_version=&#8221;4.16&#8243; _module_preset=&#8221;default&#8221; global_colors_info=&#8221;{}&#8221;][et_pb_text _builder_version=&#8221;4.18.0&#8243; _module_preset=&#8221;default&#8221; text_font=&#8221;Poppins||||||||&#8221; text_text_color=&#8221;#8F0033&#8243; text_font_size=&#8221;22px&#8221; header_2_font_size=&#8221;28px&#8221; header_2_line_height=&#8221;1.2em&#8221; global_colors_info=&#8221;{}&#8221;]<\/p>\n<h2 style=\"text-align: center;\"><strong>T&#8217;hem conven\u00e7ut?<\/strong><\/h2>\n<p>[\/et_pb_text][et_pb_text _builder_version=&#8221;4.18.0&#8243; _module_preset=&#8221;default&#8221; text_font=&#8221;|300|||||||&#8221; text_text_color=&#8221;#07294C&#8221; text_font_size=&#8221;20px&#8221; global_colors_info=&#8221;{}&#8221;]<\/p>\n<p style=\"text-align: center;\">Si encara tens dubtes i no saps sobre qu\u00e8 podr\u00edem redactar i publicar notes de premsa\u2026 et donem algunes idees:<\/p>\n<p>[\/et_pb_text][\/et_pb_column][\/et_pb_row][et_pb_row column_structure=&#8221;1_2,1_2&#8243; _builder_version=&#8221;4.16&#8243; _module_preset=&#8221;default&#8221; custom_padding=&#8221;||11px|||&#8221; global_colors_info=&#8221;{}&#8221;][et_pb_column type=&#8221;1_2&#8243; _builder_version=&#8221;4.16&#8243; _module_preset=&#8221;default&#8221; global_colors_info=&#8221;{}&#8221;][et_pb_text _builder_version=&#8221;4.18.0&#8243; _module_preset=&#8221;default&#8221; text_font=&#8221;|300|||||||&#8221; text_text_color=&#8221;#07294C&#8221; text_font_size=&#8221;16px&#8221; custom_margin=&#8221;5px||-11px|||&#8221; global_colors_info=&#8221;{}&#8221;]<\/p>\n<ul>\n<li>Millorar la reputaci\u00f3 de la teva marca.<\/li>\n<li>Llan\u00e7ar un nou producte \/ servei \/ l\u00ednia de negoci.<\/li>\n<li>Explicar com la teva empresa est\u00e0 creixent o donar a con\u00e8ixer l&#8217;\u00faltim client que has aconseguit.<\/li>\n<li>Explicar els nous serveis que ofereixes que faran millorar la vida dels altres.<\/li>\n<li>Publicar les teves noves eines o maquin\u00e0ries, que faran que els teus productes o serveis siguin molt millors.<\/li>\n<\/ul>\n<p>[\/et_pb_text][\/et_pb_column][et_pb_column type=&#8221;1_2&#8243; _builder_version=&#8221;4.16&#8243; _module_preset=&#8221;default&#8221; global_colors_info=&#8221;{}&#8221;][et_pb_text _builder_version=&#8221;4.18.0&#8243; _module_preset=&#8221;default&#8221; text_font=&#8221;|300|||||||&#8221; text_text_color=&#8221;#07294C&#8221; text_font_size=&#8221;16px&#8221; custom_margin=&#8221;5px|||||&#8221; global_colors_info=&#8221;{}&#8221;]<\/p>\n<ul>\n<li>Explicar els canvis en la teva empresa, amb les teves paraules i no deixar que la gent es gui\u00ef per informaci\u00f3 poc vera\u00e7.<\/li>\n<li>Promocionar el vostre negoci en fires, esdeveniments, suplements.<\/li>\n<li>Anunciar una nova obertura o canvi de seu.<\/li>\n<li>Fer p\u00fablic l&#8217;\u00faltim premi o certificaci\u00f3 que heu aconseguit.<\/li>\n<li>I molts altres m\u00e9s!<\/li>\n<\/ul>\n<p>[\/et_pb_text][\/et_pb_column][\/et_pb_row][et_pb_row _builder_version=&#8221;4.16&#8243; _module_preset=&#8221;default&#8221; custom_margin=&#8221;-10px|auto||auto||&#8221; custom_padding=&#8221;10px|||||&#8221; global_colors_info=&#8221;{}&#8221;][et_pb_column type=&#8221;4_4&#8243; _builder_version=&#8221;4.16&#8243; _module_preset=&#8221;default&#8221; global_colors_info=&#8221;{}&#8221;][et_pb_text _builder_version=&#8221;4.18.0&#8243; _module_preset=&#8221;default&#8221; text_font=&#8221;|300|||||||&#8221; text_text_color=&#8221;#07294C&#8221; text_font_size=&#8221;16px&#8221; custom_margin=&#8221;5px|||||&#8221; global_colors_info=&#8221;{}&#8221;]<\/p>\n<p>Amb aquest servei de comunicaci\u00f3 ajudarem a <strong>compartir els missatges de la teva companyia, millorar la teva reputaci\u00f3 de marca i augmentar la pres\u00e8ncia en mitjans<\/strong> de comunicaci\u00f3 impresos i digitals.<\/p>\n<p>[\/et_pb_text][\/et_pb_column][\/et_pb_row][\/et_pb_section][et_pb_section fb_built=&#8221;1&#8243; _builder_version=&#8221;4.16&#8243; _module_preset=&#8221;default&#8221; background_color=&#8221;#DEAB8C&#8221; background_image=&#8221;https:\/\/comsentido.es\/wp-content\/uploads\/2021\/05\/COMSENTIDO-WEB-09-1.png&#8221; background_size=&#8221;contain&#8221; background_position=&#8221;center_left&#8221; background_blend=&#8221;color-dodge&#8221; custom_padding=&#8221;34px||34px||true|&#8221; global_colors_info=&#8221;{}&#8221;][et_pb_row column_structure=&#8221;1_2,1_2&#8243; _builder_version=&#8221;4.16&#8243; _module_preset=&#8221;default&#8221; global_colors_info=&#8221;{}&#8221;][et_pb_column type=&#8221;1_2&#8243; _builder_version=&#8221;4.16&#8243; _module_preset=&#8221;default&#8221; global_colors_info=&#8221;{}&#8221;][et_pb_text _builder_version=&#8221;4.18.0&#8243; _module_preset=&#8221;default&#8221; text_font=&#8221;Poppins|300|||||||&#8221; text_font_size=&#8221;20px&#8221; header_font_size=&#8221;32px&#8221; header_2_text_color=&#8221;#FFFFFF&#8221; header_2_font_size=&#8221;30px&#8221; header_2_line_height=&#8221;1.2em&#8221; global_colors_info=&#8221;{}&#8221;]<\/p>\n<h2><strong>Vols que t&#8217;ajudem a donar visibilitat al teu negoci?<\/strong><\/h2>\n<p>Contacta amb nosaltres!<\/p>\n<p><span style=\"font-weight: 400;\">Escriu-nos a <a href=\"mailto:marta@comsentido.es\">marta@comsentido.es<\/a> o reserva una primera assessoria gratu\u00efta amb nosaltres.<\/span><\/p>\n<p>[\/et_pb_text][\/et_pb_column][et_pb_column type=&#8221;1_2&#8243; _builder_version=&#8221;4.16&#8243; _module_preset=&#8221;default&#8221; global_colors_info=&#8221;{}&#8221;][et_pb_code _builder_version=&#8221;4.23.1&#8243; _module_preset=&#8221;default&#8221; background_color=&#8221;RGBA(0,0,0,0)&#8221; hover_enabled=&#8221;0&#8243; global_colors_info=&#8221;{}&#8221; sticky_enabled=&#8221;0&#8243;]<\/p>\n<div class=\"tidycal-embed\" data-path=\"comsentido\/assessoria-gratuita\"><\/div>\n<p><script src=\"https:\/\/asset-tidycal.b-cdn.net\/js\/embed.js\" async><\/script>[\/et_pb_code][\/et_pb_column][\/et_pb_row][\/et_pb_section]<\/p>\n","protected":false},"excerpt":{"rendered":"<p>Comunicaci\u00f3 i premsaFes la teva marca visible i comparteix els teus missatges! Fem que el teu negoci aparegui en mitjans de comunicaci\u00f3 amb la creaci\u00f3 de campanyes de comunicaci\u00f3 i premsa.Sabem que, per a una PIME, o per a un emprenedor o emprenedora, sortir als mitjans de comunicaci\u00f3 \u00e9s molt dif\u00edcil, o gaireb\u00e9 impossible! Especialment, [&hellip;]<\/p>\n","protected":false},"author":1,"featured_media":0,"parent":0,"menu_order":0,"comment_status":"closed","ping_status":"closed","template":"","meta":{"_et_pb_use_builder":"on","_et_pb_old_content":"","_et_gb_content_width":"","footnotes":""},"class_list":["post-3841","page","type-page","status-publish","hentry"],"aioseo_notices":[],"_links":{"self":[{"href":"https:\/\/comsentido.es\/ca\/wp-json\/wp\/v2\/pages\/3841","targetHints":{"allow":["GET"]}}],"collection":[{"href":"https:\/\/comsentido.es\/ca\/wp-json\/wp\/v2\/pages"}],"about":[{"href":"https:\/\/comsentido.es\/ca\/wp-json\/wp\/v2\/types\/page"}],"author":[{"embeddable":true,"href":"https:\/\/comsentido.es\/ca\/wp-json\/wp\/v2\/users\/1"}],"replies":[{"embeddable":true,"href":"https:\/\/comsentido.es\/ca\/wp-json\/wp\/v2\/comments?post=3841"}],"version-history":[{"count":0,"href":"https:\/\/comsentido.es\/ca\/wp-json\/wp\/v2\/pages\/3841\/revisions"}],"wp:attachment":[{"href":"https:\/\/comsentido.es\/ca\/wp-json\/wp\/v2\/media?parent=3841"}],"curies":[{"name":"wp","href":"https:\/\/api.w.org\/{rel}","templated":true}]}}